{"id":5608,"date":"2020-06-28T16:29:29","date_gmt":"2020-06-28T16:29:29","guid":{"rendered":"https:\/\/www.peacewatch.ch\/imprimer\/"},"modified":"2020-07-01T19:09:03","modified_gmt":"2020-07-01T19:09:03","slug":"impressum","status":"publish","type":"page","link":"https:\/\/www.peacewatch.ch\/fr\/impressum\/","title":{"rendered":"Impressum"},"content":{"rendered":"\t\t<div data-elementor-type=\"wp-page\" data-elementor-id=\"5608\" class=\"elementor elementor-5608 elementor-5561\" data-elementor-post-type=\"page\">\n\t\t\t\t\t\t<section class=\"elementor-section elementor-top-section elementor-element elementor-element-20dd632 elementor-section-boxed elementor-section-height-default elementor-section-height-default\" data-id=\"20dd632\" data-element_type=\"section\" data-e-type=\"section\">\n\t\t\t\t\t\t<div class=\"elementor-container elementor-column-gap-default\">\n\t\t\t\t\t<div class=\"elementor-column elementor-col-100 elementor-top-column elementor-element elementor-element-6462c68\" data-id=\"6462c68\" data-element_type=\"column\" data-e-type=\"column\">\n\t\t\t<div class=\"elementor-widget-wrap elementor-element-populated\">\n\t\t\t\t\t\t<div class=\"elementor-element elementor-element-9455c0d elementor-widget elementor-widget-spacer\" data-id=\"9455c0d\" data-element_type=\"widget\" data-e-type=\"widget\" data-widget_type=\"spacer.default\">\n\t\t\t\t<div class=\"elementor-widget-container\">\n\t\t\t\t\t\t\t<div class=\"elementor-spacer\">\n\t\t\t<div class=\"elementor-spacer-inner\"><\/div>\n\t\t<\/div>\n\t\t\t\t\t\t<\/div>\n\t\t\t\t<\/div>\n\t\t\t\t<div class=\"elementor-element elementor-element-b29c3f1 elementor-widget elementor-widget-heading\" data-id=\"b29c3f1\" data-element_type=\"widget\" data-e-type=\"widget\" data-widget_type=\"heading.default\">\n\t\t\t\t<div class=\"elementor-widget-container\">\n\t\t\t\t\t<h1 class=\"elementor-heading-title elementor-size-xl\">Impressum<\/h1>\t\t\t\t<\/div>\n\t\t\t\t<\/div>\n\t\t\t\t\t<\/div>\n\t\t<\/div>\n\t\t\t\t\t<\/div>\n\t\t<\/section>\n\t\t\t\t<section class=\"elementor-section elementor-top-section elementor-element elementor-element-ee882ac elementor-section-boxed elementor-section-height-default elementor-section-height-default\" data-id=\"ee882ac\" data-element_type=\"section\" data-e-type=\"section\">\n\t\t\t\t\t\t<div class=\"elementor-container elementor-column-gap-default\">\n\t\t\t\t\t<div class=\"elementor-column elementor-col-100 elementor-top-column elementor-element elementor-element-ca9caca\" data-id=\"ca9caca\" data-element_type=\"column\" data-e-type=\"column\">\n\t\t\t<div class=\"elementor-widget-wrap elementor-element-populated\">\n\t\t\t\t\t\t<div class=\"elementor-element elementor-element-0978899 elementor-widget elementor-widget-spacer\" data-id=\"0978899\" data-element_type=\"widget\" data-e-type=\"widget\" data-widget_type=\"spacer.default\">\n\t\t\t\t<div class=\"elementor-widget-container\">\n\t\t\t\t\t\t\t<div class=\"elementor-spacer\">\n\t\t\t<div class=\"elementor-spacer-inner\"><\/div>\n\t\t<\/div>\n\t\t\t\t\t\t<\/div>\n\t\t\t\t<\/div>\n\t\t\t\t\t<\/div>\n\t\t<\/div>\n\t\t\t\t\t<\/div>\n\t\t<\/section>\n\t\t\t\t<section class=\"elementor-section elementor-top-section elementor-element elementor-element-cac58a4 elementor-section-boxed elementor-section-height-default elementor-section-height-default\" data-id=\"cac58a4\" data-element_type=\"section\" data-e-type=\"section\">\n\t\t\t\t\t\t\t<div class=\"elementor-background-overlay\"><\/div>\n\t\t\t\t\t\t\t<div class=\"elementor-container elementor-column-gap-default\">\n\t\t\t\t\t<div class=\"elementor-column elementor-col-100 elementor-top-column elementor-element elementor-element-41ea290\" data-id=\"41ea290\" data-element_type=\"column\" data-e-type=\"column\">\n\t\t\t<div class=\"elementor-widget-wrap elementor-element-populated\">\n\t\t\t\t\t\t<div class=\"elementor-element elementor-element-504ee6e elementor-widget elementor-widget-text-editor\" data-id=\"504ee6e\" data-element_type=\"widget\" data-e-type=\"widget\" data-widget_type=\"text-editor.default\">\n\t\t\t\t<div class=\"elementor-widget-container\">\n\t\t\t\t\t\t\t\t\t<div class=\"article__title \"><h4>Responsabilit\u00e9 et mise en \u0153uvre<\/h4><p>Peace Watch Switzerland<br \/>Seminarstrasse 28<br \/>Postfach 8042, 8006 Z\u00fcrich<\/p><\/div><div class=\"article__content\"><div class=\"container container-default container-top container-paragraph--type--text container--indent\"><div class=\"paragraphs-behavior-style--content-default sibling-spacer-y paragraph paragraph--type--text view-mode-default paragraph--view-mode-default\"><div class=\"text\"><p>+41 44 272 27 88<br \/><a href=\"mailto:info@peacewatch.ch\">info(at)peacewatch.ch<\/a><\/p><p>Ce site est soutenu par <a href=\"https:\/\/www.anarieldesign.com\/\">AnarielDesign<\/a><\/p><h4>Nom enregistr\u00e9<\/h4><p>Peace Watch Switzerland<br \/>Num\u00e9ro d&rsquo;entreprise: CHE-311.321.970<\/p><h4>Avertissement<\/h4><p>Malgr\u00e9 un contr\u00f4le minutieux, nous d\u00e9clinons toute responsabilit\u00e9 quant aux sites externes r\u00e9f\u00e9renc\u00e9s dans nos pages. Les exploitants de ces sites en sont seuls responsables. L&rsquo;acc\u00e8s et l&rsquo;utilisation de ces sites internet se font aux risques et p\u00e9rils de l&rsquo;utilisateur\u00b7trice.<span id=\"ContentPlaceHolder1_lblVorschau\"><\/span><span id=\"ContentPlaceHolder1_lblVorschau\"><\/span><\/p><h4>Copyright et droit d&rsquo;utilisation<\/h4><p>Le droit d\u2019auteur du contenu, ainsi que le Copyright et le droit d\u2019utilisation des photos et des vid\u00e9os, sont d\u00e9tenus par Peace Watch Switzerland, sauf indication contraire. L\u2019utilisation \u00e9ventuelle de tout \u00e9l\u00e9ment requiert le consentement \u00e9crit pr\u00e9alable de Peace Watch Switzerland. Merci beaucoup\u00a0!<\/p><p><strong>Nous remercions infiniment pour les droits d&rsquo;utilisation des photos\u00a0:<br \/><\/strong>Christophe Egger: https:\/\/christopheegger.com\/<br \/>Bernhard Erni<\/p><\/div><\/div><\/div><\/div>\t\t\t\t\t\t\t\t<\/div>\n\t\t\t\t<\/div>\n\t\t\t\t\t<\/div>\n\t\t<\/div>\n\t\t\t\t\t<\/div>\n\t\t<\/section>\n\t\t\t\t<section class=\"elementor-section elementor-top-section elementor-element elementor-element-17a51de elementor-section-boxed elementor-section-height-default elementor-section-height-default\" data-id=\"17a51de\" data-element_type=\"section\" data-e-type=\"section\">\n\t\t\t\t\t\t<div class=\"elementor-container elementor-column-gap-default\">\n\t\t\t\t\t<div class=\"elementor-column elementor-col-100 elementor-top-column elementor-element elementor-element-7c2381c\" data-id=\"7c2381c\" data-element_type=\"column\" data-e-type=\"column\">\n\t\t\t<div class=\"elementor-widget-wrap elementor-element-populated\">\n\t\t\t\t\t\t<div class=\"elementor-element elementor-element-518c945 elementor-widget elementor-widget-spacer\" data-id=\"518c945\" data-element_type=\"widget\" data-e-type=\"widget\" data-widget_type=\"spacer.default\">\n\t\t\t\t<div class=\"elementor-widget-container\">\n\t\t\t\t\t\t\t<div class=\"elementor-spacer\">\n\t\t\t<div class=\"elementor-spacer-inner\"><\/div>\n\t\t<\/div>\n\t\t\t\t\t\t<\/div>\n\t\t\t\t<\/div>\n\t\t\t\t\t<\/div>\n\t\t<\/div>\n\t\t\t\t\t<\/div>\n\t\t<\/section>\n\t\t\t\t<\/div>\n\t\t","protected":false},"excerpt":{"rendered":"<p>Impressum Responsabilit\u00e9 et mise en \u0153uvre Peace Watch Switzerland Seminarstrasse 28 Postfach 8042, 8006 Z\u00fcrich +41 44 272 27 88 info(at)peacewatch.ch Ce site est soutenu par AnarielDesign Nom enregistr\u00e9 Peace&#8230;<a class=\"excerpt-link\" href=\"https:\/\/www.peacewatch.ch\/fr\/impressum\/\">Continue reading <span class=\"screen-reader-text\">Impressum<\/span> <span class=\"meta-nav\" aria-hidden=\"true\">&rarr;<\/span><\/a><\/p>\n","protected":false},"author":3,"featured_media":3432,"parent":0,"menu_order":0,"comment_status":"closed","ping_status":"closed","template":"page-templates\/fullwidth-th-template.php","meta":{"footnotes":""},"folder":[],"class_list":["post-5608","page","type-page","status-publish","has-post-thumbnail","hentry"],"yoast_head":"<!-- This site is optimized with the Yoast SEO plugin v26.8 - https:\/\/yoast.com\/product\/yoast-seo-wordpress\/ -->\n<title>Impressum &#8211; Peace Watch Switzerland<\/title>\n<meta name=\"robots\" content=\"index, follow, max-snippet:-1, max-image-preview:large, max-video-preview:-1\" \/>\n<link rel=\"canonical\" href=\"https:\/\/www.peacewatch.ch\/fr\/impressum\/\" \/>\n<meta property=\"og:locale\" content=\"fr_FR\" \/>\n<meta property=\"og:type\" content=\"article\" \/>\n<meta property=\"og:title\" content=\"Impressum &#8211; Peace Watch Switzerland\" \/>\n<meta property=\"og:description\" content=\"Impressum Responsabilit\u00e9 et mise en \u0153uvre Peace Watch Switzerland Seminarstrasse 28 Postfach 8042, 8006 Z\u00fcrich +41 44 272 27 88 info(at)peacewatch.ch Ce site est soutenu par AnarielDesign Nom enregistr\u00e9 Peace...Continue reading Impressum &rarr;\" \/>\n<meta property=\"og:url\" content=\"https:\/\/www.peacewatch.ch\/fr\/impressum\/\" \/>\n<meta property=\"og:site_name\" content=\"Peace Watch Switzerland\" \/>\n<meta property=\"article:modified_time\" content=\"2020-07-01T19:09:03+00:00\" \/>\n<meta property=\"og:image\" content=\"https:\/\/www.peacewatch.ch\/wp-content\/uploads\/2020\/06\/2017_Guatemala1-scaled.jpg\" \/>\n\t<meta property=\"og:image:width\" content=\"2560\" \/>\n\t<meta property=\"og:image:height\" content=\"1442\" \/>\n\t<meta property=\"og:image:type\" content=\"image\/jpeg\" \/>\n<meta name=\"twitter:card\" content=\"summary_large_image\" \/>\n<meta name=\"twitter:label1\" content=\"Dur\u00e9e de lecture estim\u00e9e\" \/>\n\t<meta name=\"twitter:data1\" content=\"1 minute\" \/>\n<script type=\"application\/ld+json\" class=\"yoast-schema-graph\">{\"@context\":\"https:\/\/schema.org\",\"@graph\":[{\"@type\":\"WebPage\",\"@id\":\"https:\/\/www.peacewatch.ch\/fr\/impressum\/\",\"url\":\"https:\/\/www.peacewatch.ch\/fr\/impressum\/\",\"name\":\"Impressum &#8211; Peace Watch Switzerland\",\"isPartOf\":{\"@id\":\"https:\/\/www.peacewatch.ch\/fr\/#website\"},\"primaryImageOfPage\":{\"@id\":\"https:\/\/www.peacewatch.ch\/fr\/impressum\/#primaryimage\"},\"image\":{\"@id\":\"https:\/\/www.peacewatch.ch\/fr\/impressum\/#primaryimage\"},\"thumbnailUrl\":\"https:\/\/www.peacewatch.ch\/wp-content\/uploads\/2020\/06\/2017_Guatemala1-scaled.jpg\",\"datePublished\":\"2020-06-28T16:29:29+00:00\",\"dateModified\":\"2020-07-01T19:09:03+00:00\",\"breadcrumb\":{\"@id\":\"https:\/\/www.peacewatch.ch\/fr\/impressum\/#breadcrumb\"},\"inLanguage\":\"fr-FR\",\"potentialAction\":[{\"@type\":\"ReadAction\",\"target\":[\"https:\/\/www.peacewatch.ch\/fr\/impressum\/\"]}]},{\"@type\":\"ImageObject\",\"inLanguage\":\"fr-FR\",\"@id\":\"https:\/\/www.peacewatch.ch\/fr\/impressum\/#primaryimage\",\"url\":\"https:\/\/www.peacewatch.ch\/wp-content\/uploads\/2020\/06\/2017_Guatemala1-scaled.jpg\",\"contentUrl\":\"https:\/\/www.peacewatch.ch\/wp-content\/uploads\/2020\/06\/2017_Guatemala1-scaled.jpg\",\"width\":2560,\"height\":1442},{\"@type\":\"BreadcrumbList\",\"@id\":\"https:\/\/www.peacewatch.ch\/fr\/impressum\/#breadcrumb\",\"itemListElement\":[{\"@type\":\"ListItem\",\"position\":1,\"name\":\"Home\",\"item\":\"https:\/\/www.peacewatch.ch\/fr\/\"},{\"@type\":\"ListItem\",\"position\":2,\"name\":\"Impressum\"}]},{\"@type\":\"WebSite\",\"@id\":\"https:\/\/www.peacewatch.ch\/fr\/#website\",\"url\":\"https:\/\/www.peacewatch.ch\/fr\/\",\"name\":\"Peace Watch Switzerland\",\"description\":\"Unterwegs f\u00fcr Menschenrechte\",\"publisher\":{\"@id\":\"https:\/\/www.peacewatch.ch\/fr\/#organization\"},\"potentialAction\":[{\"@type\":\"SearchAction\",\"target\":{\"@type\":\"EntryPoint\",\"urlTemplate\":\"https:\/\/www.peacewatch.ch\/fr\/?s={search_term_string}\"},\"query-input\":{\"@type\":\"PropertyValueSpecification\",\"valueRequired\":true,\"valueName\":\"search_term_string\"}}],\"inLanguage\":\"fr-FR\"},{\"@type\":\"Organization\",\"@id\":\"https:\/\/www.peacewatch.ch\/fr\/#organization\",\"name\":\"Peace Watch Switzerland\",\"url\":\"https:\/\/www.peacewatch.ch\/fr\/\",\"logo\":{\"@type\":\"ImageObject\",\"inLanguage\":\"fr-FR\",\"@id\":\"https:\/\/www.peacewatch.ch\/fr\/#\/schema\/logo\/image\/\",\"url\":\"https:\/\/www.peacewatch.ch\/wp-content\/uploads\/2020\/06\/cropped-Logo_Schwei_Strichmodus_d.png\",\"contentUrl\":\"https:\/\/www.peacewatch.ch\/wp-content\/uploads\/2020\/06\/cropped-Logo_Schwei_Strichmodus_d.png\",\"width\":9999,\"height\":2558,\"caption\":\"Peace Watch Switzerland\"},\"image\":{\"@id\":\"https:\/\/www.peacewatch.ch\/fr\/#\/schema\/logo\/image\/\"}}]}<\/script>\n<!-- \/ Yoast SEO plugin. -->","yoast_head_json":{"title":"Impressum &#8211; Peace Watch Switzerland","robots":{"index":"index","follow":"follow","max-snippet":"max-snippet:-1","max-image-preview":"max-image-preview:large","max-video-preview":"max-video-preview:-1"},"canonical":"https:\/\/www.peacewatch.ch\/fr\/impressum\/","og_locale":"fr_FR","og_type":"article","og_title":"Impressum &#8211; Peace Watch Switzerland","og_description":"Impressum Responsabilit\u00e9 et mise en \u0153uvre Peace Watch Switzerland Seminarstrasse 28 Postfach 8042, 8006 Z\u00fcrich +41 44 272 27 88 info(at)peacewatch.ch Ce site est soutenu par AnarielDesign Nom enregistr\u00e9 Peace...Continue reading Impressum &rarr;","og_url":"https:\/\/www.peacewatch.ch\/fr\/impressum\/","og_site_name":"Peace Watch Switzerland","article_modified_time":"2020-07-01T19:09:03+00:00","og_image":[{"width":2560,"height":1442,"url":"https:\/\/www.peacewatch.ch\/wp-content\/uploads\/2020\/06\/2017_Guatemala1-scaled.jpg","type":"image\/jpeg"}],"twitter_card":"summary_large_image","twitter_misc":{"Dur\u00e9e de lecture estim\u00e9e":"1 minute"},"schema":{"@context":"https:\/\/schema.org","@graph":[{"@type":"WebPage","@id":"https:\/\/www.peacewatch.ch\/fr\/impressum\/","url":"https:\/\/www.peacewatch.ch\/fr\/impressum\/","name":"Impressum &#8211; Peace Watch Switzerland","isPartOf":{"@id":"https:\/\/www.peacewatch.ch\/fr\/#website"},"primaryImageOfPage":{"@id":"https:\/\/www.peacewatch.ch\/fr\/impressum\/#primaryimage"},"image":{"@id":"https:\/\/www.peacewatch.ch\/fr\/impressum\/#primaryimage"},"thumbnailUrl":"https:\/\/www.peacewatch.ch\/wp-content\/uploads\/2020\/06\/2017_Guatemala1-scaled.jpg","datePublished":"2020-06-28T16:29:29+00:00","dateModified":"2020-07-01T19:09:03+00:00","breadcrumb":{"@id":"https:\/\/www.peacewatch.ch\/fr\/impressum\/#breadcrumb"},"inLanguage":"fr-FR","potentialAction":[{"@type":"ReadAction","target":["https:\/\/www.peacewatch.ch\/fr\/impressum\/"]}]},{"@type":"ImageObject","inLanguage":"fr-FR","@id":"https:\/\/www.peacewatch.ch\/fr\/impressum\/#primaryimage","url":"https:\/\/www.peacewatch.ch\/wp-content\/uploads\/2020\/06\/2017_Guatemala1-scaled.jpg","contentUrl":"https:\/\/www.peacewatch.ch\/wp-content\/uploads\/2020\/06\/2017_Guatemala1-scaled.jpg","width":2560,"height":1442},{"@type":"BreadcrumbList","@id":"https:\/\/www.peacewatch.ch\/fr\/impressum\/#breadcrumb","itemListElement":[{"@type":"ListItem","position":1,"name":"Home","item":"https:\/\/www.peacewatch.ch\/fr\/"},{"@type":"ListItem","position":2,"name":"Impressum"}]},{"@type":"WebSite","@id":"https:\/\/www.peacewatch.ch\/fr\/#website","url":"https:\/\/www.peacewatch.ch\/fr\/","name":"Peace Watch Switzerland","description":"Unterwegs f\u00fcr Menschenrechte","publisher":{"@id":"https:\/\/www.peacewatch.ch\/fr\/#organization"},"potentialAction":[{"@type":"SearchAction","target":{"@type":"EntryPoint","urlTemplate":"https:\/\/www.peacewatch.ch\/fr\/?s={search_term_string}"},"query-input":{"@type":"PropertyValueSpecification","valueRequired":true,"valueName":"search_term_string"}}],"inLanguage":"fr-FR"},{"@type":"Organization","@id":"https:\/\/www.peacewatch.ch\/fr\/#organization","name":"Peace Watch Switzerland","url":"https:\/\/www.peacewatch.ch\/fr\/","logo":{"@type":"ImageObject","inLanguage":"fr-FR","@id":"https:\/\/www.peacewatch.ch\/fr\/#\/schema\/logo\/image\/","url":"https:\/\/www.peacewatch.ch\/wp-content\/uploads\/2020\/06\/cropped-Logo_Schwei_Strichmodus_d.png","contentUrl":"https:\/\/www.peacewatch.ch\/wp-content\/uploads\/2020\/06\/cropped-Logo_Schwei_Strichmodus_d.png","width":9999,"height":2558,"caption":"Peace Watch Switzerland"},"image":{"@id":"https:\/\/www.peacewatch.ch\/fr\/#\/schema\/logo\/image\/"}}]}},"post_mailing_queue_ids":[],"_links":{"self":[{"href":"https:\/\/www.peacewatch.ch\/fr\/wp-json\/wp\/v2\/pages\/5608","targetHints":{"allow":["GET"]}}],"collection":[{"href":"https:\/\/www.peacewatch.ch\/fr\/wp-json\/wp\/v2\/pages"}],"about":[{"href":"https:\/\/www.peacewatch.ch\/fr\/wp-json\/wp\/v2\/types\/page"}],"author":[{"embeddable":true,"href":"https:\/\/www.peacewatch.ch\/fr\/wp-json\/wp\/v2\/users\/3"}],"replies":[{"embeddable":true,"href":"https:\/\/www.peacewatch.ch\/fr\/wp-json\/wp\/v2\/comments?post=5608"}],"version-history":[{"count":0,"href":"https:\/\/www.peacewatch.ch\/fr\/wp-json\/wp\/v2\/pages\/5608\/revisions"}],"wp:featuredmedia":[{"embeddable":true,"href":"https:\/\/www.peacewatch.ch\/fr\/wp-json\/wp\/v2\/media\/3432"}],"wp:attachment":[{"href":"https:\/\/www.peacewatch.ch\/fr\/wp-json\/wp\/v2\/media?parent=5608"}],"wp:term":[{"taxonomy":"folder","embeddable":true,"href":"https:\/\/www.peacewatch.ch\/fr\/wp-json\/wp\/v2\/folder?post=5608"}],"curies":[{"name":"wp","href":"https:\/\/api.w.org\/{rel}","templated":true}]}}