{"id":5968,"date":"2020-06-30T07:51:07","date_gmt":"2020-06-30T07:51:07","guid":{"rendered":"https:\/\/www.peacewatch.ch\/?page_id=5968"},"modified":"2020-09-02T18:16:24","modified_gmt":"2020-09-02T16:16:24","slug":"partenaires","status":"publish","type":"page","link":"https:\/\/www.peacewatch.ch\/fr\/partenaires\/","title":{"rendered":"Partenaires"},"content":{"rendered":"\t\t<div data-elementor-type=\"wp-page\" data-elementor-id=\"5968\" class=\"elementor elementor-5968 elementor-5053\" data-elementor-post-type=\"page\">\n\t\t\t\t\t\t<section class=\"elementor-section elementor-top-section elementor-element elementor-element-20dd632 elementor-section-boxed elementor-section-height-default elementor-section-height-default\" data-id=\"20dd632\" data-element_type=\"section\" data-e-type=\"section\">\n\t\t\t\t\t\t<div class=\"elementor-container elementor-column-gap-default\">\n\t\t\t\t\t<div class=\"elementor-column elementor-col-100 elementor-top-column elementor-element elementor-element-6462c68\" data-id=\"6462c68\" data-element_type=\"column\" data-e-type=\"column\">\n\t\t\t<div class=\"elementor-widget-wrap elementor-element-populated\">\n\t\t\t\t\t\t<div class=\"elementor-element elementor-element-9455c0d elementor-widget elementor-widget-spacer\" data-id=\"9455c0d\" data-element_type=\"widget\" data-e-type=\"widget\" data-widget_type=\"spacer.default\">\n\t\t\t\t<div class=\"elementor-widget-container\">\n\t\t\t\t\t\t\t<div class=\"elementor-spacer\">\n\t\t\t<div class=\"elementor-spacer-inner\"><\/div>\n\t\t<\/div>\n\t\t\t\t\t\t<\/div>\n\t\t\t\t<\/div>\n\t\t\t\t<div class=\"elementor-element elementor-element-b29c3f1 elementor-widget elementor-widget-heading\" data-id=\"b29c3f1\" data-element_type=\"widget\" data-e-type=\"widget\" data-widget_type=\"heading.default\">\n\t\t\t\t<div class=\"elementor-widget-container\">\n\t\t\t\t\t<h1 class=\"elementor-heading-title elementor-size-xl\">Partenaires<\/h1>\t\t\t\t<\/div>\n\t\t\t\t<\/div>\n\t\t\t\t\t<\/div>\n\t\t<\/div>\n\t\t\t\t\t<\/div>\n\t\t<\/section>\n\t\t\t\t<section class=\"elementor-section elementor-top-section elementor-element elementor-element-ee882ac elementor-section-boxed elementor-section-height-default elementor-section-height-default\" data-id=\"ee882ac\" data-element_type=\"section\" data-e-type=\"section\">\n\t\t\t\t\t\t<div class=\"elementor-container elementor-column-gap-default\">\n\t\t\t\t\t<div class=\"elementor-column elementor-col-100 elementor-top-column elementor-element elementor-element-ca9caca\" data-id=\"ca9caca\" data-element_type=\"column\" data-e-type=\"column\">\n\t\t\t<div class=\"elementor-widget-wrap elementor-element-populated\">\n\t\t\t\t\t\t<div class=\"elementor-element elementor-element-0978899 elementor-widget elementor-widget-spacer\" data-id=\"0978899\" data-element_type=\"widget\" data-e-type=\"widget\" data-widget_type=\"spacer.default\">\n\t\t\t\t<div class=\"elementor-widget-container\">\n\t\t\t\t\t\t\t<div class=\"elementor-spacer\">\n\t\t\t<div class=\"elementor-spacer-inner\"><\/div>\n\t\t<\/div>\n\t\t\t\t\t\t<\/div>\n\t\t\t\t<\/div>\n\t\t\t\t\t<\/div>\n\t\t<\/div>\n\t\t\t\t\t<\/div>\n\t\t<\/section>\n\t\t\t\t<section class=\"elementor-section elementor-top-section elementor-element elementor-element-cac58a4 elementor-section-boxed elementor-section-height-default elementor-section-height-default\" data-id=\"cac58a4\" data-element_type=\"section\" data-e-type=\"section\">\n\t\t\t\t\t\t\t<div class=\"elementor-background-overlay\"><\/div>\n\t\t\t\t\t\t\t<div class=\"elementor-container elementor-column-gap-default\">\n\t\t\t\t\t<div class=\"elementor-column elementor-col-100 elementor-top-column elementor-element elementor-element-41ea290\" data-id=\"41ea290\" data-element_type=\"column\" data-e-type=\"column\">\n\t\t\t<div class=\"elementor-widget-wrap elementor-element-populated\">\n\t\t\t\t\t\t<div class=\"elementor-element elementor-element-94d36e4 elementor-widget elementor-widget-heading\" data-id=\"94d36e4\" data-element_type=\"widget\" data-e-type=\"widget\" data-widget_type=\"heading.default\">\n\t\t\t\t<div class=\"elementor-widget-container\">\n\t\t\t\t\t<h2 class=\"elementor-heading-title elementor-size-default\">Sur le terrain<\/h2>\t\t\t\t<\/div>\n\t\t\t\t<\/div>\n\t\t\t\t<div class=\"elementor-element elementor-element-504ee6e elementor-widget elementor-widget-text-editor\" data-id=\"504ee6e\" data-element_type=\"widget\" data-e-type=\"widget\" data-widget_type=\"text-editor.default\">\n\t\t\t\t<div class=\"elementor-widget-container\">\n\t\t\t\t\t\t\t\t\t<p><strong>Dans les diff\u00e9rentes r\u00e9gions des projets, PWS travaille en \u00e9troite collaboration avec des organisations partenaires locales<\/strong><\/p><ul><li>En Palestine\/Isra\u00ebl, PWS fait partie du programme <a href=\"https:\/\/eappi.org\/en\" target=\"_blank\" rel=\"noopener\">EAPPI<\/a>, <em>Ecumenical Accompaniment Programme in Palestine and Israel.<\/em><\/li><li><span lang=\"de\" xml:lang=\"de\">Au Honduras, PWS est reconnue l\u00e9galement et g\u00e8re le projet ACO-H. Ce dernier fait partie du programme PRODERECHOS de l&rsquo;<a href=\"https:\/\/www.eper.ch\/project-explorer\/programme-pays-honduras\" target=\"_blank\" rel=\"noopener\">EPER <\/a>au Honduras<\/span><\/li><\/ul>\t\t\t\t\t\t\t\t<\/div>\n\t\t\t\t<\/div>\n\t\t\t\t\t<\/div>\n\t\t<\/div>\n\t\t\t\t\t<\/div>\n\t\t<\/section>\n\t\t\t\t<section class=\"elementor-section elementor-top-section elementor-element elementor-element-17a51de elementor-section-boxed elementor-section-height-default elementor-section-height-default\" data-id=\"17a51de\" data-element_type=\"section\" data-e-type=\"section\">\n\t\t\t\t\t\t<div class=\"elementor-container elementor-column-gap-default\">\n\t\t\t\t\t<div class=\"elementor-column elementor-col-100 elementor-top-column elementor-element elementor-element-7c2381c\" data-id=\"7c2381c\" data-element_type=\"column\" data-e-type=\"column\">\n\t\t\t<div class=\"elementor-widget-wrap elementor-element-populated\">\n\t\t\t\t\t\t<div class=\"elementor-element elementor-element-518c945 elementor-widget elementor-widget-spacer\" data-id=\"518c945\" data-element_type=\"widget\" data-e-type=\"widget\" data-widget_type=\"spacer.default\">\n\t\t\t\t<div class=\"elementor-widget-container\">\n\t\t\t\t\t\t\t<div class=\"elementor-spacer\">\n\t\t\t<div class=\"elementor-spacer-inner\"><\/div>\n\t\t<\/div>\n\t\t\t\t\t\t<\/div>\n\t\t\t\t<\/div>\n\t\t\t\t\t<\/div>\n\t\t<\/div>\n\t\t\t\t\t<\/div>\n\t\t<\/section>\n\t\t\t\t<section class=\"elementor-section elementor-top-section elementor-element elementor-element-9228acb elementor-section-boxed elementor-section-height-default elementor-section-height-default\" data-id=\"9228acb\" data-element_type=\"section\" data-e-type=\"section\">\n\t\t\t\t\t\t\t<div class=\"elementor-background-overlay\"><\/div>\n\t\t\t\t\t\t\t<div class=\"elementor-container elementor-column-gap-default\">\n\t\t\t\t\t<div class=\"elementor-column elementor-col-100 elementor-top-column elementor-element elementor-element-2e7884d\" data-id=\"2e7884d\" data-element_type=\"column\" data-e-type=\"column\">\n\t\t\t<div class=\"elementor-widget-wrap elementor-element-populated\">\n\t\t\t\t\t\t<div class=\"elementor-element elementor-element-00255aa elementor-widget elementor-widget-heading\" data-id=\"00255aa\" data-element_type=\"widget\" data-e-type=\"widget\" data-widget_type=\"heading.default\">\n\t\t\t\t<div class=\"elementor-widget-container\">\n\t\t\t\t\t<h2 class=\"elementor-heading-title elementor-size-default\">En Suisse<\/h2>\t\t\t\t<\/div>\n\t\t\t\t<\/div>\n\t\t\t\t<div class=\"elementor-element elementor-element-57cac50 elementor-widget elementor-widget-text-editor\" data-id=\"57cac50\" data-element_type=\"widget\" data-e-type=\"widget\" data-widget_type=\"text-editor.default\">\n\t\t\t\t<div class=\"elementor-widget-container\">\n\t\t\t\t\t\t\t\t\t<p>En Suisse, Peace Watch Switzerland (PWS), en partenariat avec ses organisations partenaires, diverses plateformes dont elle fait partie et d&rsquo;autres organisations, fait un travail d&rsquo;information et de plaidoyer continu. Elle accueille les organisations accompagn\u00e9es lors de visites en Suisse et soutient le travail des volontaires de retour.<\/p>\t\t\t\t\t\t\t\t<\/div>\n\t\t\t\t<\/div>\n\t\t\t\t<div class=\"elementor-element elementor-element-35cfc78 elementor-widget elementor-widget-heading\" data-id=\"35cfc78\" data-element_type=\"widget\" data-e-type=\"widget\" data-widget_type=\"heading.default\">\n\t\t\t\t<div class=\"elementor-widget-container\">\n\t\t\t\t\t<h3 class=\"elementor-heading-title elementor-size-medium\">R\u00e9seaux, plateformes et initiatives auxquels PWS participe<\/h3>\t\t\t\t<\/div>\n\t\t\t\t<\/div>\n\t\t\t\t<div class=\"elementor-element elementor-element-c914d1f elementor-widget elementor-widget-text-editor\" data-id=\"c914d1f\" data-element_type=\"widget\" data-e-type=\"widget\" data-widget_type=\"text-editor.default\">\n\t\t\t\t<div class=\"elementor-widget-container\">\n\t\t\t\t\t\t\t\t\t<ul><li><span lang=\"de\" xml:lang=\"de\"><a class=\"ext\" href=\"https:\/\/koff.swisspeace.ch\/\" target=\"_blank\" rel=\"noopener\" data-extlink=\"\">Plateforme suisse de promotion de la paix (<\/a><a href=\"https:\/\/koff.swisspeace.ch\/\">KOFF)<\/a><\/span><\/li><li><a class=\"ext\" href=\"https:\/\/honduras-forum.ch\/\" target=\"_blank\" rel=\"noopener\" data-extlink=\"\"><span lang=\"de\" xml:lang=\"de\">Forum Honduras Suisse<\/span><\/a><\/li><li><a href=\"https:\/\/www.cfd-ch.org\/fr\/\">Forum pour les droits humaines en Isra\u00ebl et Palestine (CFD)<\/a><\/li><li><a href=\"https:\/\/initiative-multinationales.ch\/\">Initiative multinationales responsables<\/a><\/li><li><span lang=\"de\" xml:lang=\"de\">Foro Suizo<\/span><\/li><li>Plateforme Am\u00e9rique centrale<\/li><\/ul>\t\t\t\t\t\t\t\t<\/div>\n\t\t\t\t<\/div>\n\t\t\t\t<div class=\"elementor-element elementor-element-423cc86 elementor-widget elementor-widget-heading\" data-id=\"423cc86\" data-element_type=\"widget\" data-e-type=\"widget\" data-widget_type=\"heading.default\">\n\t\t\t\t<div class=\"elementor-widget-container\">\n\t\t\t\t\t<h3 class=\"elementor-heading-title elementor-size-medium\">Organisations partenaires de PWS en Suisse<\/h3>\t\t\t\t<\/div>\n\t\t\t\t<\/div>\n\t\t\t\t<div class=\"elementor-element elementor-element-580f57a elementor-widget elementor-widget-text-editor\" data-id=\"580f57a\" data-element_type=\"widget\" data-e-type=\"widget\" data-widget_type=\"text-editor.default\">\n\t\t\t\t<div class=\"elementor-widget-container\">\n\t\t\t\t\t\t\t\t\t<p><strong>Domaine des droits humains, de la paix et de la non-violence<\/strong><\/p><ul><li><a href=\"https:\/\/www.eper.ch\/project-explorer\/programme-pays-honduras\">Entraide protestante suisse &#8211; EPER<\/a><\/li><li><a href=\"https:\/\/www.swisspeace.ch\">swisspeace<\/a><\/li><li><a href=\"https:\/\/www.amnesty.ch\/fr\/\">Amnesty International<\/a><\/li><li><a href=\"https:\/\/www.cetim.ch\">CETIM<\/a><\/li><li><a href=\"https:\/\/www.codap.org\">codap &#8211; centre de conseils et d&rsquo;appui pour les jeunes en mati\u00e8re de droits de l&rsquo;homme<\/a><\/li><li><a href=\"https:\/\/www.guatemalanetz-zuerich.ch\/\">Guatemalanetz Zurich<\/a><\/li><li><a href=\"https:\/\/www.cgas.ch\/SPIP\/spip.php?article1697\">Km207 Guatemala-Suisse<\/a><\/li><li>Plataforma Internacional contra la Impunidad<\/li><\/ul><p><strong>Autres organisations d&rsquo;envoi en Suisse<\/strong><\/p><ul><li><a class=\"ext\" href=\"https:\/\/www.peacebrigades.ch\" target=\"_blank\" rel=\"noopener\" data-extlink=\"\">Peace Brigades International<\/a><\/li><li><a class=\"ext\" href=\"https:\/\/www.eirenesuisse.ch\" target=\"_blank\" rel=\"noopener\" data-extlink=\"\">Eirene Suisse<\/a><\/li><li><a class=\"ext\" href=\"https:\/\/www.interteam.ch\" target=\"_blank\" rel=\"noopener\" data-extlink=\"\">Interteam<\/a><\/li><li><a class=\"ext\" href=\"https:\/\/www.e-changer.ch\" target=\"_blank\" rel=\"noopener\" data-extlink=\"\">E-changer<\/a><\/li><li><a class=\"ext\" href=\"https:\/\/www.comundo.org\/de\/\" target=\"_blank\" rel=\"noopener\" data-extlink=\"\">Comundo<\/a><\/li><\/ul><p><strong>Autres<\/strong><\/p><ul><li><a class=\"ext\" href=\"https:\/\/www.cinfo.ch\/de\" target=\"_blank\" rel=\"noopener\" data-extlink=\"\">cinfo<\/a><\/li><li><a class=\"ext\" href=\"https:\/\/fifdh.org\/\" target=\"_blank\" rel=\"noopener\" data-extlink=\"\">FIFDH &#8211; <span lang=\"de\" xml:lang=\"de\">Filmfestival und Internationales Forum f\u00fcr Menschenrechte<\/span><\/a><\/li><\/ul>\t\t\t\t\t\t\t\t<\/div>\n\t\t\t\t<\/div>\n\t\t\t\t\t<\/div>\n\t\t<\/div>\n\t\t\t\t\t<\/div>\n\t\t<\/section>\n\t\t\t\t<\/div>\n\t\t","protected":false},"excerpt":{"rendered":"<p>Partenaires Sur le terrain Dans les diff\u00e9rentes r\u00e9gions des projets, PWS travaille en \u00e9troite collaboration avec des organisations partenaires locales En Palestine\/Isra\u00ebl, PWS fait partie du programme EAPPI, Ecumenical Accompaniment&#8230;<a class=\"excerpt-link\" href=\"https:\/\/www.peacewatch.ch\/fr\/partenaires\/\">Continue reading <span class=\"screen-reader-text\">Partenaires<\/span> <span class=\"meta-nav\" aria-hidden=\"true\">&rarr;<\/span><\/a><\/p>\n","protected":false},"author":6,"featured_media":5207,"parent":0,"menu_order":0,"comment_status":"closed","ping_status":"closed","template":"page-templates\/fullwidth-th-template.php","meta":{"footnotes":""},"folder":[],"class_list":["post-5968","page","type-page","status-publish","has-post-thumbnail","hentry"],"yoast_head":"<!-- This site is optimized with the Yoast SEO plugin v26.8 - https:\/\/yoast.com\/product\/yoast-seo-wordpress\/ -->\n<title>Partenaires &#8211; Peace Watch Switzerland<\/title>\n<meta name=\"robots\" content=\"index, follow, max-snippet:-1, max-image-preview:large, max-video-preview:-1\" \/>\n<link rel=\"canonical\" href=\"https:\/\/www.peacewatch.ch\/fr\/partenaires\/\" \/>\n<meta property=\"og:locale\" content=\"fr_FR\" \/>\n<meta property=\"og:type\" content=\"article\" \/>\n<meta property=\"og:title\" content=\"Partenaires &#8211; Peace Watch Switzerland\" \/>\n<meta property=\"og:description\" content=\"Partenaires Sur le terrain Dans les diff\u00e9rentes r\u00e9gions des projets, PWS travaille en \u00e9troite collaboration avec des organisations partenaires locales En Palestine\/Isra\u00ebl, PWS fait partie du programme EAPPI, Ecumenical Accompaniment...Continue reading Partenaires &rarr;\" \/>\n<meta property=\"og:url\" content=\"https:\/\/www.peacewatch.ch\/fr\/partenaires\/\" \/>\n<meta property=\"og:site_name\" content=\"Peace Watch Switzerland\" \/>\n<meta property=\"article:modified_time\" content=\"2020-09-02T16:16:24+00:00\" \/>\n<meta property=\"og:image\" content=\"https:\/\/www.peacewatch.ch\/wp-content\/uploads\/2020\/06\/IMGP1530-2_heller_schmaler-scaled.jpg\" \/>\n\t<meta property=\"og:image:width\" content=\"2560\" \/>\n\t<meta property=\"og:image:height\" content=\"1587\" \/>\n\t<meta property=\"og:image:type\" content=\"image\/jpeg\" \/>\n<meta name=\"twitter:card\" content=\"summary_large_image\" \/>\n<meta name=\"twitter:label1\" content=\"Dur\u00e9e de lecture estim\u00e9e\" \/>\n\t<meta name=\"twitter:data1\" content=\"1 minute\" \/>\n<script type=\"application\/ld+json\" class=\"yoast-schema-graph\">{\"@context\":\"https:\/\/schema.org\",\"@graph\":[{\"@type\":\"WebPage\",\"@id\":\"https:\/\/www.peacewatch.ch\/fr\/partenaires\/\",\"url\":\"https:\/\/www.peacewatch.ch\/fr\/partenaires\/\",\"name\":\"Partenaires &#8211; Peace Watch Switzerland\",\"isPartOf\":{\"@id\":\"https:\/\/www.peacewatch.ch\/fr\/#website\"},\"primaryImageOfPage\":{\"@id\":\"https:\/\/www.peacewatch.ch\/fr\/partenaires\/#primaryimage\"},\"image\":{\"@id\":\"https:\/\/www.peacewatch.ch\/fr\/partenaires\/#primaryimage\"},\"thumbnailUrl\":\"https:\/\/www.peacewatch.ch\/wp-content\/uploads\/2020\/06\/IMGP1530-2_heller_schmaler-scaled.jpg\",\"datePublished\":\"2020-06-30T07:51:07+00:00\",\"dateModified\":\"2020-09-02T16:16:24+00:00\",\"breadcrumb\":{\"@id\":\"https:\/\/www.peacewatch.ch\/fr\/partenaires\/#breadcrumb\"},\"inLanguage\":\"fr-FR\",\"potentialAction\":[{\"@type\":\"ReadAction\",\"target\":[\"https:\/\/www.peacewatch.ch\/fr\/partenaires\/\"]}]},{\"@type\":\"ImageObject\",\"inLanguage\":\"fr-FR\",\"@id\":\"https:\/\/www.peacewatch.ch\/fr\/partenaires\/#primaryimage\",\"url\":\"https:\/\/www.peacewatch.ch\/wp-content\/uploads\/2020\/06\/IMGP1530-2_heller_schmaler-scaled.jpg\",\"contentUrl\":\"https:\/\/www.peacewatch.ch\/wp-content\/uploads\/2020\/06\/IMGP1530-2_heller_schmaler-scaled.jpg\",\"width\":2560,\"height\":1587},{\"@type\":\"BreadcrumbList\",\"@id\":\"https:\/\/www.peacewatch.ch\/fr\/partenaires\/#breadcrumb\",\"itemListElement\":[{\"@type\":\"ListItem\",\"position\":1,\"name\":\"Home\",\"item\":\"https:\/\/www.peacewatch.ch\/fr\/\"},{\"@type\":\"ListItem\",\"position\":2,\"name\":\"Partenaires\"}]},{\"@type\":\"WebSite\",\"@id\":\"https:\/\/www.peacewatch.ch\/fr\/#website\",\"url\":\"https:\/\/www.peacewatch.ch\/fr\/\",\"name\":\"Peace Watch Switzerland\",\"description\":\"Unterwegs f\u00fcr Menschenrechte\",\"publisher\":{\"@id\":\"https:\/\/www.peacewatch.ch\/fr\/#organization\"},\"potentialAction\":[{\"@type\":\"SearchAction\",\"target\":{\"@type\":\"EntryPoint\",\"urlTemplate\":\"https:\/\/www.peacewatch.ch\/fr\/?s={search_term_string}\"},\"query-input\":{\"@type\":\"PropertyValueSpecification\",\"valueRequired\":true,\"valueName\":\"search_term_string\"}}],\"inLanguage\":\"fr-FR\"},{\"@type\":\"Organization\",\"@id\":\"https:\/\/www.peacewatch.ch\/fr\/#organization\",\"name\":\"Peace Watch Switzerland\",\"url\":\"https:\/\/www.peacewatch.ch\/fr\/\",\"logo\":{\"@type\":\"ImageObject\",\"inLanguage\":\"fr-FR\",\"@id\":\"https:\/\/www.peacewatch.ch\/fr\/#\/schema\/logo\/image\/\",\"url\":\"https:\/\/www.peacewatch.ch\/wp-content\/uploads\/2020\/06\/cropped-Logo_Schwei_Strichmodus_d.png\",\"contentUrl\":\"https:\/\/www.peacewatch.ch\/wp-content\/uploads\/2020\/06\/cropped-Logo_Schwei_Strichmodus_d.png\",\"width\":9999,\"height\":2558,\"caption\":\"Peace Watch Switzerland\"},\"image\":{\"@id\":\"https:\/\/www.peacewatch.ch\/fr\/#\/schema\/logo\/image\/\"}}]}<\/script>\n<!-- \/ Yoast SEO plugin. -->","yoast_head_json":{"title":"Partenaires &#8211; Peace Watch Switzerland","robots":{"index":"index","follow":"follow","max-snippet":"max-snippet:-1","max-image-preview":"max-image-preview:large","max-video-preview":"max-video-preview:-1"},"canonical":"https:\/\/www.peacewatch.ch\/fr\/partenaires\/","og_locale":"fr_FR","og_type":"article","og_title":"Partenaires &#8211; Peace Watch Switzerland","og_description":"Partenaires Sur le terrain Dans les diff\u00e9rentes r\u00e9gions des projets, PWS travaille en \u00e9troite collaboration avec des organisations partenaires locales En Palestine\/Isra\u00ebl, PWS fait partie du programme EAPPI, Ecumenical Accompaniment...Continue reading Partenaires &rarr;","og_url":"https:\/\/www.peacewatch.ch\/fr\/partenaires\/","og_site_name":"Peace Watch Switzerland","article_modified_time":"2020-09-02T16:16:24+00:00","og_image":[{"width":2560,"height":1587,"url":"https:\/\/www.peacewatch.ch\/wp-content\/uploads\/2020\/06\/IMGP1530-2_heller_schmaler-scaled.jpg","type":"image\/jpeg"}],"twitter_card":"summary_large_image","twitter_misc":{"Dur\u00e9e de lecture estim\u00e9e":"1 minute"},"schema":{"@context":"https:\/\/schema.org","@graph":[{"@type":"WebPage","@id":"https:\/\/www.peacewatch.ch\/fr\/partenaires\/","url":"https:\/\/www.peacewatch.ch\/fr\/partenaires\/","name":"Partenaires &#8211; Peace Watch Switzerland","isPartOf":{"@id":"https:\/\/www.peacewatch.ch\/fr\/#website"},"primaryImageOfPage":{"@id":"https:\/\/www.peacewatch.ch\/fr\/partenaires\/#primaryimage"},"image":{"@id":"https:\/\/www.peacewatch.ch\/fr\/partenaires\/#primaryimage"},"thumbnailUrl":"https:\/\/www.peacewatch.ch\/wp-content\/uploads\/2020\/06\/IMGP1530-2_heller_schmaler-scaled.jpg","datePublished":"2020-06-30T07:51:07+00:00","dateModified":"2020-09-02T16:16:24+00:00","breadcrumb":{"@id":"https:\/\/www.peacewatch.ch\/fr\/partenaires\/#breadcrumb"},"inLanguage":"fr-FR","potentialAction":[{"@type":"ReadAction","target":["https:\/\/www.peacewatch.ch\/fr\/partenaires\/"]}]},{"@type":"ImageObject","inLanguage":"fr-FR","@id":"https:\/\/www.peacewatch.ch\/fr\/partenaires\/#primaryimage","url":"https:\/\/www.peacewatch.ch\/wp-content\/uploads\/2020\/06\/IMGP1530-2_heller_schmaler-scaled.jpg","contentUrl":"https:\/\/www.peacewatch.ch\/wp-content\/uploads\/2020\/06\/IMGP1530-2_heller_schmaler-scaled.jpg","width":2560,"height":1587},{"@type":"BreadcrumbList","@id":"https:\/\/www.peacewatch.ch\/fr\/partenaires\/#breadcrumb","itemListElement":[{"@type":"ListItem","position":1,"name":"Home","item":"https:\/\/www.peacewatch.ch\/fr\/"},{"@type":"ListItem","position":2,"name":"Partenaires"}]},{"@type":"WebSite","@id":"https:\/\/www.peacewatch.ch\/fr\/#website","url":"https:\/\/www.peacewatch.ch\/fr\/","name":"Peace Watch Switzerland","description":"Unterwegs f\u00fcr Menschenrechte","publisher":{"@id":"https:\/\/www.peacewatch.ch\/fr\/#organization"},"potentialAction":[{"@type":"SearchAction","target":{"@type":"EntryPoint","urlTemplate":"https:\/\/www.peacewatch.ch\/fr\/?s={search_term_string}"},"query-input":{"@type":"PropertyValueSpecification","valueRequired":true,"valueName":"search_term_string"}}],"inLanguage":"fr-FR"},{"@type":"Organization","@id":"https:\/\/www.peacewatch.ch\/fr\/#organization","name":"Peace Watch Switzerland","url":"https:\/\/www.peacewatch.ch\/fr\/","logo":{"@type":"ImageObject","inLanguage":"fr-FR","@id":"https:\/\/www.peacewatch.ch\/fr\/#\/schema\/logo\/image\/","url":"https:\/\/www.peacewatch.ch\/wp-content\/uploads\/2020\/06\/cropped-Logo_Schwei_Strichmodus_d.png","contentUrl":"https:\/\/www.peacewatch.ch\/wp-content\/uploads\/2020\/06\/cropped-Logo_Schwei_Strichmodus_d.png","width":9999,"height":2558,"caption":"Peace Watch Switzerland"},"image":{"@id":"https:\/\/www.peacewatch.ch\/fr\/#\/schema\/logo\/image\/"}}]}},"post_mailing_queue_ids":[],"_links":{"self":[{"href":"https:\/\/www.peacewatch.ch\/fr\/wp-json\/wp\/v2\/pages\/5968","targetHints":{"allow":["GET"]}}],"collection":[{"href":"https:\/\/www.peacewatch.ch\/fr\/wp-json\/wp\/v2\/pages"}],"about":[{"href":"https:\/\/www.peacewatch.ch\/fr\/wp-json\/wp\/v2\/types\/page"}],"author":[{"embeddable":true,"href":"https:\/\/www.peacewatch.ch\/fr\/wp-json\/wp\/v2\/users\/6"}],"replies":[{"embeddable":true,"href":"https:\/\/www.peacewatch.ch\/fr\/wp-json\/wp\/v2\/comments?post=5968"}],"version-history":[{"count":0,"href":"https:\/\/www.peacewatch.ch\/fr\/wp-json\/wp\/v2\/pages\/5968\/revisions"}],"wp:featuredmedia":[{"embeddable":true,"href":"https:\/\/www.peacewatch.ch\/fr\/wp-json\/wp\/v2\/media\/5207"}],"wp:attachment":[{"href":"https:\/\/www.peacewatch.ch\/fr\/wp-json\/wp\/v2\/media?parent=5968"}],"wp:term":[{"taxonomy":"folder","embeddable":true,"href":"https:\/\/www.peacewatch.ch\/fr\/wp-json\/wp\/v2\/folder?post=5968"}],"curies":[{"name":"wp","href":"https:\/\/api.w.org\/{rel}","templated":true}]}}