{"id":6456,"date":"2020-06-30T21:42:22","date_gmt":"2020-06-30T21:42:22","guid":{"rendered":"https:\/\/www.peacewatch.ch\/ehemalige-projekte\/"},"modified":"2020-07-02T15:41:07","modified_gmt":"2020-07-02T15:41:07","slug":"anciens-projet","status":"publish","type":"page","link":"https:\/\/www.peacewatch.ch\/fr\/anciens-projet\/","title":{"rendered":"Anciens Projet"},"content":{"rendered":"\t\t<div data-elementor-type=\"wp-page\" data-elementor-id=\"6456\" class=\"elementor elementor-6456 elementor-6351\" data-elementor-post-type=\"page\">\n\t\t\t\t\t\t<section class=\"elementor-section elementor-top-section elementor-element elementor-element-9c510e4 elementor-section-boxed elementor-section-height-default elementor-section-height-default\" data-id=\"9c510e4\" data-element_type=\"section\" data-e-type=\"section\">\n\t\t\t\t\t\t<div class=\"elementor-container elementor-column-gap-default\">\n\t\t\t\t\t<div class=\"elementor-column elementor-col-100 elementor-top-column elementor-element elementor-element-0c600c8\" data-id=\"0c600c8\" data-element_type=\"column\" data-e-type=\"column\">\n\t\t\t<div class=\"elementor-widget-wrap elementor-element-populated\">\n\t\t\t\t\t\t<div class=\"elementor-element elementor-element-2579d20 elementor-widget elementor-widget-spacer\" data-id=\"2579d20\" data-element_type=\"widget\" data-e-type=\"widget\" data-widget_type=\"spacer.default\">\n\t\t\t\t<div class=\"elementor-widget-container\">\n\t\t\t\t\t\t\t<div class=\"elementor-spacer\">\n\t\t\t<div class=\"elementor-spacer-inner\"><\/div>\n\t\t<\/div>\n\t\t\t\t\t\t<\/div>\n\t\t\t\t<\/div>\n\t\t\t\t<div class=\"elementor-element elementor-element-93c7bfa elementor-widget elementor-widget-heading\" data-id=\"93c7bfa\" data-element_type=\"widget\" data-e-type=\"widget\" data-widget_type=\"heading.default\">\n\t\t\t\t<div class=\"elementor-widget-container\">\n\t\t\t\t\t<h1 class=\"elementor-heading-title elementor-size-xl\">Ancien Projet<\/h1>\t\t\t\t<\/div>\n\t\t\t\t<\/div>\n\t\t\t\t\t<\/div>\n\t\t<\/div>\n\t\t\t\t\t<\/div>\n\t\t<\/section>\n\t\t\t\t<section class=\"elementor-section elementor-top-section elementor-element elementor-element-5452be9 elementor-section-boxed elementor-section-height-default elementor-section-height-default\" data-id=\"5452be9\" data-element_type=\"section\" data-e-type=\"section\">\n\t\t\t\t\t\t<div class=\"elementor-container elementor-column-gap-default\">\n\t\t\t\t\t<div class=\"elementor-column elementor-col-100 elementor-top-column elementor-element elementor-element-6997f17\" data-id=\"6997f17\" data-element_type=\"column\" data-e-type=\"column\">\n\t\t\t<div class=\"elementor-widget-wrap elementor-element-populated\">\n\t\t\t\t\t\t<div class=\"elementor-element elementor-element-c554d37 elementor-widget elementor-widget-spacer\" data-id=\"c554d37\" data-element_type=\"widget\" data-e-type=\"widget\" data-widget_type=\"spacer.default\">\n\t\t\t\t<div class=\"elementor-widget-container\">\n\t\t\t\t\t\t\t<div class=\"elementor-spacer\">\n\t\t\t<div class=\"elementor-spacer-inner\"><\/div>\n\t\t<\/div>\n\t\t\t\t\t\t<\/div>\n\t\t\t\t<\/div>\n\t\t\t\t\t<\/div>\n\t\t<\/div>\n\t\t\t\t\t<\/div>\n\t\t<\/section>\n\t\t\t\t<section class=\"elementor-section elementor-top-section elementor-element elementor-element-de6efcb elementor-section-boxed elementor-section-height-default elementor-section-height-default\" data-id=\"de6efcb\" data-element_type=\"section\" data-e-type=\"section\">\n\t\t\t\t\t\t<div class=\"elementor-container elementor-column-gap-default\">\n\t\t\t\t\t<div class=\"elementor-column elementor-col-100 elementor-top-column elementor-element elementor-element-604c599\" data-id=\"604c599\" data-element_type=\"column\" data-e-type=\"column\">\n\t\t\t<div class=\"elementor-widget-wrap elementor-element-populated\">\n\t\t\t\t\t\t<div class=\"elementor-element elementor-element-e6d8c0c elementor-widget elementor-widget-text-editor\" data-id=\"e6d8c0c\" data-element_type=\"widget\" data-e-type=\"widget\" data-widget_type=\"text-editor.default\">\n\t\t\t\t<div class=\"elementor-widget-container\">\n\t\t\t\t\t\t\t\t\tJusqu&rsquo;en 2019\/2020, Peace Watch Suisse a envoy\u00e9 des observateurs des droits de l&rsquo;homme au Guatemala et en Colombie, ainsi qu&rsquo;au Mexique fin 2013.\t\t\t\t\t\t\t\t<\/div>\n\t\t\t\t<\/div>\n\t\t\t\t\t<\/div>\n\t\t<\/div>\n\t\t\t\t\t<\/div>\n\t\t<\/section>\n\t\t\t\t<section class=\"elementor-section elementor-top-section elementor-element elementor-element-8dedb03 elementor-section-boxed elementor-section-height-default elementor-section-height-default\" data-id=\"8dedb03\" data-element_type=\"section\" data-e-type=\"section\">\n\t\t\t\t\t\t<div class=\"elementor-container elementor-column-gap-default\">\n\t\t\t\t\t<div class=\"elementor-column elementor-col-100 elementor-top-column elementor-element elementor-element-5187be8\" data-id=\"5187be8\" data-element_type=\"column\" data-e-type=\"column\">\n\t\t\t<div class=\"elementor-widget-wrap elementor-element-populated\">\n\t\t\t\t\t\t<div class=\"elementor-element elementor-element-29c3ccc elementor-widget elementor-widget-spacer\" data-id=\"29c3ccc\" data-element_type=\"widget\" data-e-type=\"widget\" data-widget_type=\"spacer.default\">\n\t\t\t\t<div class=\"elementor-widget-container\">\n\t\t\t\t\t\t\t<div class=\"elementor-spacer\">\n\t\t\t<div class=\"elementor-spacer-inner\"><\/div>\n\t\t<\/div>\n\t\t\t\t\t\t<\/div>\n\t\t\t\t<\/div>\n\t\t\t\t\t<\/div>\n\t\t<\/div>\n\t\t\t\t\t<\/div>\n\t\t<\/section>\n\t\t\t\t<section class=\"elementor-section elementor-top-section elementor-element elementor-element-72529f7 elementor-section-boxed elementor-section-height-default elementor-section-height-default\" data-id=\"72529f7\" data-element_type=\"section\" data-e-type=\"section\">\n\t\t\t\t\t\t<div class=\"elementor-container elementor-column-gap-default\">\n\t\t\t\t\t<div class=\"elementor-column elementor-col-100 elementor-top-column elementor-element elementor-element-a0cdddf\" data-id=\"a0cdddf\" data-element_type=\"column\" data-e-type=\"column\">\n\t\t\t<div class=\"elementor-widget-wrap elementor-element-populated\">\n\t\t\t\t\t\t<section class=\"elementor-section elementor-inner-section elementor-element elementor-element-8e193eb elementor-section-boxed elementor-section-height-default elementor-section-height-default\" data-id=\"8e193eb\" data-element_type=\"section\" data-e-type=\"section\">\n\t\t\t\t\t\t<div class=\"elementor-container elementor-column-gap-default\">\n\t\t\t\t\t<div class=\"elementor-column elementor-col-33 elementor-inner-column elementor-element elementor-element-56e3850\" data-id=\"56e3850\" data-element_type=\"column\" data-e-type=\"column\" data-settings=\"{&quot;background_background&quot;:&quot;classic&quot;}\">\n\t\t\t<div class=\"elementor-widget-wrap elementor-element-populated\">\n\t\t\t\t\t<div class=\"elementor-background-overlay\"><\/div>\n\t\t\t\t\t\t<div class=\"elementor-element elementor-element-9b2ca1a elementor-widget elementor-widget-image\" data-id=\"9b2ca1a\" data-element_type=\"widget\" data-e-type=\"widget\" data-widget_type=\"image.default\">\n\t\t\t\t<div class=\"elementor-widget-container\">\n\t\t\t\t\t\t\t\t\t\t\t\t\t\t\t\t<a href=\"https:\/\/www.peacewatch.ch\/fr\/guatemala\/\">\n\t\t\t\t\t\t\t<img fetchpriority=\"high\" decoding=\"async\" width=\"870\" height=\"653\" src=\"https:\/\/www.peacewatch.ch\/wp-content\/uploads\/2020\/06\/Guatemala1-1024x768.jpg\" class=\"attachment-large size-large wp-image-3434\" alt=\"\" srcset=\"https:\/\/www.peacewatch.ch\/wp-content\/uploads\/2020\/06\/Guatemala1-1024x768.jpg 1024w, https:\/\/www.peacewatch.ch\/wp-content\/uploads\/2020\/06\/Guatemala1-300x225.jpg 300w, https:\/\/www.peacewatch.ch\/wp-content\/uploads\/2020\/06\/Guatemala1-768x576.jpg 768w, https:\/\/www.peacewatch.ch\/wp-content\/uploads\/2020\/06\/Guatemala1-1536x1152.jpg 1536w, https:\/\/www.peacewatch.ch\/wp-content\/uploads\/2020\/06\/Guatemala1-2048x1536.jpg 2048w, https:\/\/www.peacewatch.ch\/wp-content\/uploads\/2020\/06\/Guatemala1-430x323.jpg 430w, https:\/\/www.peacewatch.ch\/wp-content\/uploads\/2020\/06\/Guatemala1-1280x960.jpg 1280w, https:\/\/www.peacewatch.ch\/wp-content\/uploads\/2020\/06\/Guatemala1-624x468.jpg 624w, https:\/\/www.peacewatch.ch\/wp-content\/uploads\/2020\/06\/Guatemala1-870x653.jpg 870w, https:\/\/www.peacewatch.ch\/wp-content\/uploads\/2020\/06\/Guatemala1-405x304.jpg 405w, https:\/\/www.peacewatch.ch\/wp-content\/uploads\/2020\/06\/Guatemala1-600x450.jpg 600w\" sizes=\"(max-width: 870px) 100vw, 870px\" \/>\t\t\t\t\t\t\t\t<\/a>\n\t\t\t\t\t\t\t\t\t\t\t\t\t\t\t<\/div>\n\t\t\t\t<\/div>\n\t\t\t\t<div class=\"elementor-element elementor-element-34b79ed elementor-widget elementor-widget-heading\" data-id=\"34b79ed\" data-element_type=\"widget\" data-e-type=\"widget\" data-widget_type=\"heading.default\">\n\t\t\t\t<div class=\"elementor-widget-container\">\n\t\t\t\t\t<h3 class=\"elementor-heading-title elementor-size-default\">Guatemala<\/h3>\t\t\t\t<\/div>\n\t\t\t\t<\/div>\n\t\t\t\t<div class=\"elementor-element elementor-element-9f1cac1 elementor-widget elementor-widget-text-editor\" data-id=\"9f1cac1\" data-element_type=\"widget\" data-e-type=\"widget\" data-widget_type=\"text-editor.default\">\n\t\t\t\t<div class=\"elementor-widget-container\">\n\t\t\t\t\t\t\t\t\t<p>Fin 2019, PWS a mis fin \u00e0 sa collaboration avec le projet ACOGUATE au Guatemala et a remis le projet \u00e0 l&rsquo;organisation genevoise Km207 Guatemala-Suisse qui travaille sur une base b\u00e9n\u00e9vole. <a href=\"https:\/\/www.peacewatch.ch\/fr\/guatemala\/\" data-wplink-edit=\"true\">Pour en savoir plus sur le Guatemala<\/a><\/p>\t\t\t\t\t\t\t\t<\/div>\n\t\t\t\t<\/div>\n\t\t\t\t\t<\/div>\n\t\t<\/div>\n\t\t\t\t<div class=\"elementor-column elementor-col-33 elementor-inner-column elementor-element elementor-element-e5f9e10\" data-id=\"e5f9e10\" data-element_type=\"column\" data-e-type=\"column\" data-settings=\"{&quot;background_background&quot;:&quot;classic&quot;}\">\n\t\t\t<div class=\"elementor-widget-wrap elementor-element-populated\">\n\t\t\t\t\t<div class=\"elementor-background-overlay\"><\/div>\n\t\t\t\t\t\t<div class=\"elementor-element elementor-element-ed09971 elementor-widget elementor-widget-image\" data-id=\"ed09971\" data-element_type=\"widget\" data-e-type=\"widget\" data-widget_type=\"image.default\">\n\t\t\t\t<div class=\"elementor-widget-container\">\n\t\t\t\t\t\t\t\t\t\t\t\t\t\t\t\t<a href=\"https:\/\/www.peacewatch.ch\/fr\/colombie\/\">\n\t\t\t\t\t\t\t<img decoding=\"async\" width=\"870\" height=\"653\" src=\"https:\/\/www.peacewatch.ch\/wp-content\/uploads\/2020\/06\/2017_Kolumbien1-1024x768.jpg\" class=\"attachment-large size-large wp-image-3422\" alt=\"\" srcset=\"https:\/\/www.peacewatch.ch\/wp-content\/uploads\/2020\/06\/2017_Kolumbien1-1024x768.jpg 1024w, https:\/\/www.peacewatch.ch\/wp-content\/uploads\/2020\/06\/2017_Kolumbien1-300x225.jpg 300w, https:\/\/www.peacewatch.ch\/wp-content\/uploads\/2020\/06\/2017_Kolumbien1-768x576.jpg 768w, https:\/\/www.peacewatch.ch\/wp-content\/uploads\/2020\/06\/2017_Kolumbien1-1536x1152.jpg 1536w, https:\/\/www.peacewatch.ch\/wp-content\/uploads\/2020\/06\/2017_Kolumbien1-430x323.jpg 430w, https:\/\/www.peacewatch.ch\/wp-content\/uploads\/2020\/06\/2017_Kolumbien1-1280x960.jpg 1280w, https:\/\/www.peacewatch.ch\/wp-content\/uploads\/2020\/06\/2017_Kolumbien1-624x468.jpg 624w, https:\/\/www.peacewatch.ch\/wp-content\/uploads\/2020\/06\/2017_Kolumbien1-870x653.jpg 870w, https:\/\/www.peacewatch.ch\/wp-content\/uploads\/2020\/06\/2017_Kolumbien1-405x304.jpg 405w, https:\/\/www.peacewatch.ch\/wp-content\/uploads\/2020\/06\/2017_Kolumbien1-600x450.jpg 600w, https:\/\/www.peacewatch.ch\/wp-content\/uploads\/2020\/06\/2017_Kolumbien1.jpg 1600w\" sizes=\"(max-width: 870px) 100vw, 870px\" \/>\t\t\t\t\t\t\t\t<\/a>\n\t\t\t\t\t\t\t\t\t\t\t\t\t\t\t<\/div>\n\t\t\t\t<\/div>\n\t\t\t\t<div class=\"elementor-element elementor-element-792dad0 elementor-widget elementor-widget-heading\" data-id=\"792dad0\" data-element_type=\"widget\" data-e-type=\"widget\" data-widget_type=\"heading.default\">\n\t\t\t\t<div class=\"elementor-widget-container\">\n\t\t\t\t\t<h3 class=\"elementor-heading-title elementor-size-default\">Colombie<\/h3>\t\t\t\t<\/div>\n\t\t\t\t<\/div>\n\t\t\t\t<div class=\"elementor-element elementor-element-c7e7e3b elementor-widget elementor-widget-text-editor\" data-id=\"c7e7e3b\" data-element_type=\"widget\" data-e-type=\"widget\" data-widget_type=\"text-editor.default\">\n\t\t\t\t<div class=\"elementor-widget-container\">\n\t\t\t\t\t\t\t\t\t<p>Apr\u00e8s 10 ans de pr\u00e9sence en Colombie, le projet d\u2019accompagnement s\u2019est achev\u00e9 \u00e0 l\u2019\u00e9t\u00e9 2020. C\u2019est avec le c\u0153ur lourd que PWS s\u2019est retir\u00e9e de Colombie. <a href=\"https:\/\/www.peacewatch.ch\/fr\/colombie\/\" data-wplink-edit=\"true\">Pour en savoir plus sur la Colombie<\/a><\/p>\t\t\t\t\t\t\t\t<\/div>\n\t\t\t\t<\/div>\n\t\t\t\t\t<\/div>\n\t\t<\/div>\n\t\t\t\t<div class=\"elementor-column elementor-col-33 elementor-inner-column elementor-element elementor-element-f6fb75f\" data-id=\"f6fb75f\" data-element_type=\"column\" data-e-type=\"column\" data-settings=\"{&quot;background_background&quot;:&quot;classic&quot;}\">\n\t\t\t<div class=\"elementor-widget-wrap elementor-element-populated\">\n\t\t\t\t\t<div class=\"elementor-background-overlay\"><\/div>\n\t\t\t\t\t\t<div class=\"elementor-element elementor-element-81d65c4 elementor-widget elementor-widget-image\" data-id=\"81d65c4\" data-element_type=\"widget\" data-e-type=\"widget\" data-widget_type=\"image.default\">\n\t\t\t\t<div class=\"elementor-widget-container\">\n\t\t\t\t\t\t\t\t\t\t\t\t\t\t\t\t<a href=\"https:\/\/www.peacewatch.ch\/fr\/mexique\/\">\n\t\t\t\t\t\t\t<img decoding=\"async\" width=\"870\" height=\"653\" src=\"https:\/\/www.peacewatch.ch\/wp-content\/uploads\/2020\/06\/Mexico1-1024x768.jpg\" class=\"attachment-large size-large wp-image-3420\" alt=\"\" srcset=\"https:\/\/www.peacewatch.ch\/wp-content\/uploads\/2020\/06\/Mexico1-1024x768.jpg 1024w, https:\/\/www.peacewatch.ch\/wp-content\/uploads\/2020\/06\/Mexico1-300x225.jpg 300w, https:\/\/www.peacewatch.ch\/wp-content\/uploads\/2020\/06\/Mexico1-768x576.jpg 768w, https:\/\/www.peacewatch.ch\/wp-content\/uploads\/2020\/06\/Mexico1-1536x1152.jpg 1536w, https:\/\/www.peacewatch.ch\/wp-content\/uploads\/2020\/06\/Mexico1-430x323.jpg 430w, https:\/\/www.peacewatch.ch\/wp-content\/uploads\/2020\/06\/Mexico1-1280x960.jpg 1280w, https:\/\/www.peacewatch.ch\/wp-content\/uploads\/2020\/06\/Mexico1-624x468.jpg 624w, https:\/\/www.peacewatch.ch\/wp-content\/uploads\/2020\/06\/Mexico1-870x653.jpg 870w, https:\/\/www.peacewatch.ch\/wp-content\/uploads\/2020\/06\/Mexico1-405x304.jpg 405w, https:\/\/www.peacewatch.ch\/wp-content\/uploads\/2020\/06\/Mexico1-600x450.jpg 600w, https:\/\/www.peacewatch.ch\/wp-content\/uploads\/2020\/06\/Mexico1.jpg 2048w\" sizes=\"(max-width: 870px) 100vw, 870px\" \/>\t\t\t\t\t\t\t\t<\/a>\n\t\t\t\t\t\t\t\t\t\t\t\t\t\t\t<\/div>\n\t\t\t\t<\/div>\n\t\t\t\t<div class=\"elementor-element elementor-element-c861432 elementor-widget elementor-widget-heading\" data-id=\"c861432\" data-element_type=\"widget\" data-e-type=\"widget\" data-widget_type=\"heading.default\">\n\t\t\t\t<div class=\"elementor-widget-container\">\n\t\t\t\t\t<h3 class=\"elementor-heading-title elementor-size-default\">Mexique<\/h3>\t\t\t\t<\/div>\n\t\t\t\t<\/div>\n\t\t\t\t<div class=\"elementor-element elementor-element-138f22e elementor-widget elementor-widget-text-editor\" data-id=\"138f22e\" data-element_type=\"widget\" data-e-type=\"widget\" data-widget_type=\"text-editor.default\">\n\t\t\t\t<div class=\"elementor-widget-container\">\n\t\t\t\t\t\t\t\t\t<p>Jusqu\u2019en 2013, PWS a a envoy\u00e9 des observateurs au Mexique. Dans la r\u00e9gion du Chiapas, les tensions et la violence, latentes et ouvertes, ont conduit \u00e0 la destruction des communaut\u00e9s indig\u00e8nes. <a href=\"https:\/\/www.peacewatch.ch\/fr\/mexique\/\" data-wplink-edit=\"true\">Pour savoir plus sur le Mexique<\/a><\/p>\t\t\t\t\t\t\t\t<\/div>\n\t\t\t\t<\/div>\n\t\t\t\t\t<\/div>\n\t\t<\/div>\n\t\t\t\t\t<\/div>\n\t\t<\/section>\n\t\t\t\t\t<\/div>\n\t\t<\/div>\n\t\t\t\t\t<\/div>\n\t\t<\/section>\n\t\t\t\t<\/div>\n\t\t","protected":false},"excerpt":{"rendered":"<p>Ancien Projet Jusqu&rsquo;en 2019\/2020, Peace Watch Suisse a envoy\u00e9 des observateurs des droits de l&rsquo;homme au Guatemala et en Colombie, ainsi qu&rsquo;au Mexique fin 2013. Guatemala Fin 2019, PWS a&#8230;<a class=\"excerpt-link\" href=\"https:\/\/www.peacewatch.ch\/fr\/anciens-projet\/\">Continue reading <span class=\"screen-reader-text\">Anciens Projet<\/span> <span class=\"meta-nav\" aria-hidden=\"true\">&rarr;<\/span><\/a><\/p>\n","protected":false},"author":3,"featured_media":5211,"parent":0,"menu_order":0,"comment_status":"closed","ping_status":"closed","template":"page-templates\/fullwidth-th-template.php","meta":{"footnotes":""},"folder":[],"class_list":["post-6456","page","type-page","status-publish","has-post-thumbnail","hentry"],"yoast_head":"<!-- This site is optimized with the Yoast SEO plugin v26.8 - https:\/\/yoast.com\/product\/yoast-seo-wordpress\/ -->\n<title>Anciens Projet &#8211; Peace Watch Switzerland<\/title>\n<meta name=\"robots\" content=\"index, follow, max-snippet:-1, max-image-preview:large, max-video-preview:-1\" \/>\n<link rel=\"canonical\" href=\"https:\/\/www.peacewatch.ch\/fr\/anciens-projet\/\" \/>\n<meta property=\"og:locale\" content=\"fr_FR\" \/>\n<meta property=\"og:type\" content=\"article\" \/>\n<meta property=\"og:title\" content=\"Anciens Projet &#8211; Peace Watch Switzerland\" \/>\n<meta property=\"og:description\" content=\"Ancien Projet Jusqu&rsquo;en 2019\/2020, Peace Watch Suisse a envoy\u00e9 des observateurs des droits de l&rsquo;homme au Guatemala et en Colombie, ainsi qu&rsquo;au Mexique fin 2013. Guatemala Fin 2019, PWS a...Continue reading Anciens Projet &rarr;\" \/>\n<meta property=\"og:url\" content=\"https:\/\/www.peacewatch.ch\/fr\/anciens-projet\/\" \/>\n<meta property=\"og:site_name\" content=\"Peace Watch Switzerland\" \/>\n<meta property=\"article:modified_time\" content=\"2020-07-02T15:41:07+00:00\" \/>\n<meta property=\"og:image\" content=\"https:\/\/www.peacewatch.ch\/wp-content\/uploads\/2020\/06\/colombie_modifiee.jpg\" \/>\n\t<meta property=\"og:image:width\" content=\"1597\" \/>\n\t<meta property=\"og:image:height\" content=\"949\" \/>\n\t<meta property=\"og:image:type\" content=\"image\/jpeg\" \/>\n<meta name=\"twitter:card\" content=\"summary_large_image\" \/>\n<meta name=\"twitter:label1\" content=\"Dur\u00e9e de lecture estim\u00e9e\" \/>\n\t<meta name=\"twitter:data1\" content=\"1 minute\" \/>\n<script type=\"application\/ld+json\" class=\"yoast-schema-graph\">{\"@context\":\"https:\/\/schema.org\",\"@graph\":[{\"@type\":\"WebPage\",\"@id\":\"https:\/\/www.peacewatch.ch\/fr\/anciens-projet\/\",\"url\":\"https:\/\/www.peacewatch.ch\/fr\/anciens-projet\/\",\"name\":\"Anciens Projet &#8211; Peace Watch Switzerland\",\"isPartOf\":{\"@id\":\"https:\/\/www.peacewatch.ch\/fr\/#website\"},\"primaryImageOfPage\":{\"@id\":\"https:\/\/www.peacewatch.ch\/fr\/anciens-projet\/#primaryimage\"},\"image\":{\"@id\":\"https:\/\/www.peacewatch.ch\/fr\/anciens-projet\/#primaryimage\"},\"thumbnailUrl\":\"https:\/\/www.peacewatch.ch\/wp-content\/uploads\/2020\/06\/colombie_modifiee.jpg\",\"datePublished\":\"2020-06-30T21:42:22+00:00\",\"dateModified\":\"2020-07-02T15:41:07+00:00\",\"breadcrumb\":{\"@id\":\"https:\/\/www.peacewatch.ch\/fr\/anciens-projet\/#breadcrumb\"},\"inLanguage\":\"fr-FR\",\"potentialAction\":[{\"@type\":\"ReadAction\",\"target\":[\"https:\/\/www.peacewatch.ch\/fr\/anciens-projet\/\"]}]},{\"@type\":\"ImageObject\",\"inLanguage\":\"fr-FR\",\"@id\":\"https:\/\/www.peacewatch.ch\/fr\/anciens-projet\/#primaryimage\",\"url\":\"https:\/\/www.peacewatch.ch\/wp-content\/uploads\/2020\/06\/colombie_modifiee.jpg\",\"contentUrl\":\"https:\/\/www.peacewatch.ch\/wp-content\/uploads\/2020\/06\/colombie_modifiee.jpg\",\"width\":1597,\"height\":949},{\"@type\":\"BreadcrumbList\",\"@id\":\"https:\/\/www.peacewatch.ch\/fr\/anciens-projet\/#breadcrumb\",\"itemListElement\":[{\"@type\":\"ListItem\",\"position\":1,\"name\":\"Home\",\"item\":\"https:\/\/www.peacewatch.ch\/fr\/\"},{\"@type\":\"ListItem\",\"position\":2,\"name\":\"Anciens Projet\"}]},{\"@type\":\"WebSite\",\"@id\":\"https:\/\/www.peacewatch.ch\/fr\/#website\",\"url\":\"https:\/\/www.peacewatch.ch\/fr\/\",\"name\":\"Peace Watch Switzerland\",\"description\":\"Unterwegs f\u00fcr Menschenrechte\",\"publisher\":{\"@id\":\"https:\/\/www.peacewatch.ch\/fr\/#organization\"},\"potentialAction\":[{\"@type\":\"SearchAction\",\"target\":{\"@type\":\"EntryPoint\",\"urlTemplate\":\"https:\/\/www.peacewatch.ch\/fr\/?s={search_term_string}\"},\"query-input\":{\"@type\":\"PropertyValueSpecification\",\"valueRequired\":true,\"valueName\":\"search_term_string\"}}],\"inLanguage\":\"fr-FR\"},{\"@type\":\"Organization\",\"@id\":\"https:\/\/www.peacewatch.ch\/fr\/#organization\",\"name\":\"Peace Watch Switzerland\",\"url\":\"https:\/\/www.peacewatch.ch\/fr\/\",\"logo\":{\"@type\":\"ImageObject\",\"inLanguage\":\"fr-FR\",\"@id\":\"https:\/\/www.peacewatch.ch\/fr\/#\/schema\/logo\/image\/\",\"url\":\"https:\/\/www.peacewatch.ch\/wp-content\/uploads\/2020\/06\/cropped-Logo_Schwei_Strichmodus_d.png\",\"contentUrl\":\"https:\/\/www.peacewatch.ch\/wp-content\/uploads\/2020\/06\/cropped-Logo_Schwei_Strichmodus_d.png\",\"width\":9999,\"height\":2558,\"caption\":\"Peace Watch Switzerland\"},\"image\":{\"@id\":\"https:\/\/www.peacewatch.ch\/fr\/#\/schema\/logo\/image\/\"}}]}<\/script>\n<!-- \/ Yoast SEO plugin. -->","yoast_head_json":{"title":"Anciens Projet &#8211; Peace Watch Switzerland","robots":{"index":"index","follow":"follow","max-snippet":"max-snippet:-1","max-image-preview":"max-image-preview:large","max-video-preview":"max-video-preview:-1"},"canonical":"https:\/\/www.peacewatch.ch\/fr\/anciens-projet\/","og_locale":"fr_FR","og_type":"article","og_title":"Anciens Projet &#8211; Peace Watch Switzerland","og_description":"Ancien Projet Jusqu&rsquo;en 2019\/2020, Peace Watch Suisse a envoy\u00e9 des observateurs des droits de l&rsquo;homme au Guatemala et en Colombie, ainsi qu&rsquo;au Mexique fin 2013. Guatemala Fin 2019, PWS a...Continue reading Anciens Projet &rarr;","og_url":"https:\/\/www.peacewatch.ch\/fr\/anciens-projet\/","og_site_name":"Peace Watch Switzerland","article_modified_time":"2020-07-02T15:41:07+00:00","og_image":[{"width":1597,"height":949,"url":"https:\/\/www.peacewatch.ch\/wp-content\/uploads\/2020\/06\/colombie_modifiee.jpg","type":"image\/jpeg"}],"twitter_card":"summary_large_image","twitter_misc":{"Dur\u00e9e de lecture estim\u00e9e":"1 minute"},"schema":{"@context":"https:\/\/schema.org","@graph":[{"@type":"WebPage","@id":"https:\/\/www.peacewatch.ch\/fr\/anciens-projet\/","url":"https:\/\/www.peacewatch.ch\/fr\/anciens-projet\/","name":"Anciens Projet &#8211; Peace Watch Switzerland","isPartOf":{"@id":"https:\/\/www.peacewatch.ch\/fr\/#website"},"primaryImageOfPage":{"@id":"https:\/\/www.peacewatch.ch\/fr\/anciens-projet\/#primaryimage"},"image":{"@id":"https:\/\/www.peacewatch.ch\/fr\/anciens-projet\/#primaryimage"},"thumbnailUrl":"https:\/\/www.peacewatch.ch\/wp-content\/uploads\/2020\/06\/colombie_modifiee.jpg","datePublished":"2020-06-30T21:42:22+00:00","dateModified":"2020-07-02T15:41:07+00:00","breadcrumb":{"@id":"https:\/\/www.peacewatch.ch\/fr\/anciens-projet\/#breadcrumb"},"inLanguage":"fr-FR","potentialAction":[{"@type":"ReadAction","target":["https:\/\/www.peacewatch.ch\/fr\/anciens-projet\/"]}]},{"@type":"ImageObject","inLanguage":"fr-FR","@id":"https:\/\/www.peacewatch.ch\/fr\/anciens-projet\/#primaryimage","url":"https:\/\/www.peacewatch.ch\/wp-content\/uploads\/2020\/06\/colombie_modifiee.jpg","contentUrl":"https:\/\/www.peacewatch.ch\/wp-content\/uploads\/2020\/06\/colombie_modifiee.jpg","width":1597,"height":949},{"@type":"BreadcrumbList","@id":"https:\/\/www.peacewatch.ch\/fr\/anciens-projet\/#breadcrumb","itemListElement":[{"@type":"ListItem","position":1,"name":"Home","item":"https:\/\/www.peacewatch.ch\/fr\/"},{"@type":"ListItem","position":2,"name":"Anciens Projet"}]},{"@type":"WebSite","@id":"https:\/\/www.peacewatch.ch\/fr\/#website","url":"https:\/\/www.peacewatch.ch\/fr\/","name":"Peace Watch Switzerland","description":"Unterwegs f\u00fcr Menschenrechte","publisher":{"@id":"https:\/\/www.peacewatch.ch\/fr\/#organization"},"potentialAction":[{"@type":"SearchAction","target":{"@type":"EntryPoint","urlTemplate":"https:\/\/www.peacewatch.ch\/fr\/?s={search_term_string}"},"query-input":{"@type":"PropertyValueSpecification","valueRequired":true,"valueName":"search_term_string"}}],"inLanguage":"fr-FR"},{"@type":"Organization","@id":"https:\/\/www.peacewatch.ch\/fr\/#organization","name":"Peace Watch Switzerland","url":"https:\/\/www.peacewatch.ch\/fr\/","logo":{"@type":"ImageObject","inLanguage":"fr-FR","@id":"https:\/\/www.peacewatch.ch\/fr\/#\/schema\/logo\/image\/","url":"https:\/\/www.peacewatch.ch\/wp-content\/uploads\/2020\/06\/cropped-Logo_Schwei_Strichmodus_d.png","contentUrl":"https:\/\/www.peacewatch.ch\/wp-content\/uploads\/2020\/06\/cropped-Logo_Schwei_Strichmodus_d.png","width":9999,"height":2558,"caption":"Peace Watch Switzerland"},"image":{"@id":"https:\/\/www.peacewatch.ch\/fr\/#\/schema\/logo\/image\/"}}]}},"post_mailing_queue_ids":[],"_links":{"self":[{"href":"https:\/\/www.peacewatch.ch\/fr\/wp-json\/wp\/v2\/pages\/6456","targetHints":{"allow":["GET"]}}],"collection":[{"href":"https:\/\/www.peacewatch.ch\/fr\/wp-json\/wp\/v2\/pages"}],"about":[{"href":"https:\/\/www.peacewatch.ch\/fr\/wp-json\/wp\/v2\/types\/page"}],"author":[{"embeddable":true,"href":"https:\/\/www.peacewatch.ch\/fr\/wp-json\/wp\/v2\/users\/3"}],"replies":[{"embeddable":true,"href":"https:\/\/www.peacewatch.ch\/fr\/wp-json\/wp\/v2\/comments?post=6456"}],"version-history":[{"count":0,"href":"https:\/\/www.peacewatch.ch\/fr\/wp-json\/wp\/v2\/pages\/6456\/revisions"}],"wp:featuredmedia":[{"embeddable":true,"href":"https:\/\/www.peacewatch.ch\/fr\/wp-json\/wp\/v2\/media\/5211"}],"wp:attachment":[{"href":"https:\/\/www.peacewatch.ch\/fr\/wp-json\/wp\/v2\/media?parent=6456"}],"wp:term":[{"taxonomy":"folder","embeddable":true,"href":"https:\/\/www.peacewatch.ch\/fr\/wp-json\/wp\/v2\/folder?post=6456"}],"curies":[{"name":"wp","href":"https:\/\/api.w.org\/{rel}","templated":true}]}}