{"id":7157,"date":"2020-08-31T20:42:33","date_gmt":"2020-08-31T18:42:33","guid":{"rendered":"https:\/\/www.peacewatch.ch\/rapports-annuels\/"},"modified":"2025-04-25T00:47:29","modified_gmt":"2025-04-24T22:47:29","slug":"rapports-annuels","status":"publish","type":"page","link":"https:\/\/www.peacewatch.ch\/fr\/rapports-annuels\/","title":{"rendered":"Rapports Annuels"},"content":{"rendered":"\t\t<div data-elementor-type=\"wp-page\" data-elementor-id=\"7157\" class=\"elementor elementor-7157 elementor-7142\" data-elementor-post-type=\"page\">\n\t\t\t\t\t\t<section class=\"elementor-section elementor-top-section elementor-element elementor-element-066d20a elementor-section-boxed elementor-section-height-default elementor-section-height-default\" data-id=\"066d20a\" data-element_type=\"section\" data-e-type=\"section\">\n\t\t\t\t\t\t<div class=\"elementor-container elementor-column-gap-default\">\n\t\t\t\t\t<div class=\"elementor-column elementor-col-100 elementor-top-column elementor-element elementor-element-a3d7c88\" data-id=\"a3d7c88\" data-element_type=\"column\" data-e-type=\"column\">\n\t\t\t<div class=\"elementor-widget-wrap elementor-element-populated\">\n\t\t\t\t\t\t<div class=\"elementor-element elementor-element-be3b20f elementor-widget elementor-widget-spacer\" data-id=\"be3b20f\" data-element_type=\"widget\" data-e-type=\"widget\" data-widget_type=\"spacer.default\">\n\t\t\t\t<div class=\"elementor-widget-container\">\n\t\t\t\t\t\t\t<div class=\"elementor-spacer\">\n\t\t\t<div class=\"elementor-spacer-inner\"><\/div>\n\t\t<\/div>\n\t\t\t\t\t\t<\/div>\n\t\t\t\t<\/div>\n\t\t\t\t<div class=\"elementor-element elementor-element-2f98e54 elementor-widget elementor-widget-heading\" data-id=\"2f98e54\" data-element_type=\"widget\" data-e-type=\"widget\" data-widget_type=\"heading.default\">\n\t\t\t\t<div class=\"elementor-widget-container\">\n\t\t\t\t\t<h1 class=\"elementor-heading-title elementor-size-xl\">Rapports annuels PWS<\/h1>\t\t\t\t<\/div>\n\t\t\t\t<\/div>\n\t\t\t\t\t<\/div>\n\t\t<\/div>\n\t\t\t\t\t<\/div>\n\t\t<\/section>\n\t\t\t\t<section class=\"elementor-section elementor-top-section elementor-element elementor-element-4b9043d elementor-section-boxed elementor-section-height-default elementor-section-height-default\" data-id=\"4b9043d\" data-element_type=\"section\" data-e-type=\"section\">\n\t\t\t\t\t\t<div class=\"elementor-container elementor-column-gap-default\">\n\t\t\t\t\t<div class=\"elementor-column elementor-col-100 elementor-top-column elementor-element elementor-element-9449faa\" data-id=\"9449faa\" data-element_type=\"column\" data-e-type=\"column\">\n\t\t\t<div class=\"elementor-widget-wrap elementor-element-populated\">\n\t\t\t\t\t\t<div class=\"elementor-element elementor-element-3aa3633 elementor-widget elementor-widget-spacer\" data-id=\"3aa3633\" data-element_type=\"widget\" data-e-type=\"widget\" data-widget_type=\"spacer.default\">\n\t\t\t\t<div class=\"elementor-widget-container\">\n\t\t\t\t\t\t\t<div class=\"elementor-spacer\">\n\t\t\t<div class=\"elementor-spacer-inner\"><\/div>\n\t\t<\/div>\n\t\t\t\t\t\t<\/div>\n\t\t\t\t<\/div>\n\t\t\t\t\t<\/div>\n\t\t<\/div>\n\t\t\t\t\t<\/div>\n\t\t<\/section>\n\t\t\t\t<section class=\"elementor-section elementor-top-section elementor-element elementor-element-be8633e elementor-section-boxed elementor-section-height-default elementor-section-height-default\" data-id=\"be8633e\" data-element_type=\"section\" data-e-type=\"section\">\n\t\t\t\t\t\t<div class=\"elementor-container elementor-column-gap-default\">\n\t\t\t\t\t<div class=\"elementor-column elementor-col-100 elementor-top-column elementor-element elementor-element-f2cbecb\" data-id=\"f2cbecb\" data-element_type=\"column\" data-e-type=\"column\">\n\t\t\t<div class=\"elementor-widget-wrap elementor-element-populated\">\n\t\t\t\t\t\t<div class=\"elementor-element elementor-element-2642ac8 elementor-widget elementor-widget-text-editor\" data-id=\"2642ac8\" data-element_type=\"widget\" data-e-type=\"widget\" data-widget_type=\"text-editor.default\">\n\t\t\t\t<div class=\"elementor-widget-container\">\n\t\t\t\t\t\t\t\t\tLe rapport annuel pr\u00e9sente les activit\u00e9s de PWS durant l&rsquo;ann\u00e9e \u00e9coul\u00e9e.\t\t\t\t\t\t\t\t<\/div>\n\t\t\t\t<\/div>\n\t\t\t\t\t<\/div>\n\t\t<\/div>\n\t\t\t\t\t<\/div>\n\t\t<\/section>\n\t\t\t\t<section class=\"elementor-section elementor-top-section elementor-element elementor-element-91ba88d elementor-section-boxed elementor-section-height-default elementor-section-height-default\" data-id=\"91ba88d\" data-element_type=\"section\" data-e-type=\"section\">\n\t\t\t\t\t\t<div class=\"elementor-container elementor-column-gap-default\">\n\t\t\t\t\t<div class=\"elementor-column elementor-col-100 elementor-top-column elementor-element elementor-element-c990eec\" data-id=\"c990eec\" data-element_type=\"column\" data-e-type=\"column\">\n\t\t\t<div class=\"elementor-widget-wrap elementor-element-populated\">\n\t\t\t\t\t\t<div class=\"elementor-element elementor-element-4ce7a6b elementor-widget elementor-widget-spacer\" data-id=\"4ce7a6b\" data-element_type=\"widget\" data-e-type=\"widget\" data-widget_type=\"spacer.default\">\n\t\t\t\t<div class=\"elementor-widget-container\">\n\t\t\t\t\t\t\t<div class=\"elementor-spacer\">\n\t\t\t<div class=\"elementor-spacer-inner\"><\/div>\n\t\t<\/div>\n\t\t\t\t\t\t<\/div>\n\t\t\t\t<\/div>\n\t\t\t\t\t<\/div>\n\t\t<\/div>\n\t\t\t\t\t<\/div>\n\t\t<\/section>\n\t\t\t\t<section class=\"elementor-section elementor-top-section elementor-element elementor-element-c6b2ec5 elementor-section-boxed elementor-section-height-default elementor-section-height-default\" data-id=\"c6b2ec5\" data-element_type=\"section\" data-e-type=\"section\">\n\t\t\t\t\t\t<div class=\"elementor-container elementor-column-gap-default\">\n\t\t\t\t\t<div class=\"elementor-column elementor-col-100 elementor-top-column elementor-element elementor-element-f18374c\" data-id=\"f18374c\" data-element_type=\"column\" data-e-type=\"column\">\n\t\t\t<div class=\"elementor-widget-wrap elementor-element-populated\">\n\t\t\t\t\t\t<div class=\"elementor-element elementor-element-8112873 elementor-widget elementor-widget-heading\" data-id=\"8112873\" data-element_type=\"widget\" data-e-type=\"widget\" data-widget_type=\"heading.default\">\n\t\t\t\t<div class=\"elementor-widget-container\">\n\t\t\t\t\t<h2 class=\"elementor-heading-title elementor-size-default\">Rapports annuels<\/h2>\t\t\t\t<\/div>\n\t\t\t\t<\/div>\n\t\t\t\t\t<\/div>\n\t\t<\/div>\n\t\t\t\t\t<\/div>\n\t\t<\/section>\n\t\t\t\t<section class=\"elementor-section elementor-inner-section elementor-element elementor-element-4878c34c elementor-section-boxed elementor-section-height-default elementor-section-height-default\" data-id=\"4878c34c\" data-element_type=\"section\" data-e-type=\"section\">\n\t\t\t\t\t\t\t<div class=\"elementor-background-overlay\"><\/div>\n\t\t\t\t\t\t\t<div class=\"elementor-container elementor-column-gap-default\">\n\t\t\t\t\t<div class=\"elementor-column elementor-col-50 elementor-inner-column elementor-element elementor-element-578184a9\" data-id=\"578184a9\" data-element_type=\"column\" data-e-type=\"column\">\n\t\t\t<div class=\"elementor-widget-wrap elementor-element-populated\">\n\t\t\t\t\t\t<div class=\"elementor-element elementor-element-460d2711 elementor-widget elementor-widget-image\" data-id=\"460d2711\" data-element_type=\"widget\" data-e-type=\"widget\" data-widget_type=\"image.default\">\n\t\t\t\t<div class=\"elementor-widget-container\">\n\t\t\t\t\t\t\t\t\t\t\t\t\t\t\t<img decoding=\"async\" width=\"96\" height=\"96\" src=\"https:\/\/www.peacewatch.ch\/wp-content\/uploads\/2020\/06\/icons8-documents-96.png\" class=\"attachment-large size-large wp-image-4083\" alt=\"\" \/>\t\t\t\t\t\t\t\t\t\t\t\t\t\t\t<\/div>\n\t\t\t\t<\/div>\n\t\t\t\t\t<\/div>\n\t\t<\/div>\n\t\t\t\t<div class=\"elementor-column elementor-col-50 elementor-inner-column elementor-element elementor-element-7849e05b\" data-id=\"7849e05b\" data-element_type=\"column\" data-e-type=\"column\" data-settings=\"{&quot;background_background&quot;:&quot;classic&quot;}\">\n\t\t\t<div class=\"elementor-widget-wrap elementor-element-populated\">\n\t\t\t\t\t\t<div class=\"elementor-element elementor-element-f26951 elementor-widget elementor-widget-text-editor\" data-id=\"f26951\" data-element_type=\"widget\" data-e-type=\"widget\" data-widget_type=\"text-editor.default\">\n\t\t\t\t<div class=\"elementor-widget-container\">\n\t\t\t\t\t\t\t\t\t<p style=\"text-align: center;\"><br \/><a href=\"https:\/\/www.peacewatch.ch\/wp-content\/uploads\/2025\/04\/PWS-Jahresbericht-2024_FR_web.pdf\" target=\"_blank\" rel=\"noopener\"><strong>Rapport annuel 2024<\/strong><\/a><br \/><a href=\"https:\/\/www.peacewatch.ch\/wp-content\/uploads\/2024\/12\/PWS-Jahresbericht-2023_FR_web.pdf\" target=\"_blank\" rel=\"noopener\"><strong>Rapport annuel 2023<\/strong><\/a><br \/><a href=\"https:\/\/www.peacewatch.ch\/wp-content\/uploads\/2023\/04\/PWS-Jahresbericht-2022_FR.pdf\" target=\"_blank\" rel=\"noopener\"><strong>Rapport annuel 2022<\/strong><\/a><br \/><a href=\"https:\/\/www.peacewatch.ch\/wp-content\/uploads\/2022\/04\/JB21_f_web-2.pdf\" target=\"_blank\" rel=\"noopener\"><strong>Rapport annuel 2021<\/strong><\/a><br \/><a href=\"https:\/\/www.peacewatch.ch\/wp-content\/uploads\/2021\/04\/JB20_f_online.pdf\" target=\"_blank\" rel=\"noopener\"><strong>Rapport annuel 2020<\/strong><\/a><br \/><a href=\"https:\/\/www.peacewatch.ch\/wp-content\/uploads\/2020\/06\/JB19_f_web_0-1.pdf\" target=\"_blank\" rel=\"noopener\"><strong>Rapport annuel 2019<\/strong><\/a><br \/><a href=\"https:\/\/www.peacewatch.ch\/wp-content\/uploads\/2020\/06\/JB_18f_web.pdf\" target=\"_blank\" rel=\"noopener\"><strong>Rapport annuel 2018<\/strong><\/a><br \/><a href=\"https:\/\/www.peacewatch.ch\/wp-content\/uploads\/2020\/06\/JB_17_f_web.pdf\" target=\"_blank\" rel=\"noopener\"><strong>Rapport annuel 2017<\/strong><\/a><br \/><a href=\"https:\/\/www.peacewatch.ch\/wp-content\/uploads\/2020\/06\/JB_16_f_web_kl.pdf\" target=\"_blank\" rel=\"noopener\"><strong>Rapport annuel 2016<\/strong><\/a><\/p>\t\t\t\t\t\t\t\t<\/div>\n\t\t\t\t<\/div>\n\t\t\t\t\t<\/div>\n\t\t<\/div>\n\t\t\t\t\t<\/div>\n\t\t<\/section>\n\t\t\t\t<section class=\"elementor-section elementor-top-section elementor-element elementor-element-18e27f5 elementor-section-boxed elementor-section-height-default elementor-section-height-default\" data-id=\"18e27f5\" data-element_type=\"section\" data-e-type=\"section\">\n\t\t\t\t\t\t<div class=\"elementor-container elementor-column-gap-default\">\n\t\t\t\t\t<div class=\"elementor-column elementor-col-100 elementor-top-column elementor-element elementor-element-2dc0184\" data-id=\"2dc0184\" data-element_type=\"column\" data-e-type=\"column\">\n\t\t\t<div class=\"elementor-widget-wrap elementor-element-populated\">\n\t\t\t\t\t\t<div class=\"elementor-element elementor-element-ac63549 elementor-widget elementor-widget-spacer\" data-id=\"ac63549\" data-element_type=\"widget\" data-e-type=\"widget\" data-widget_type=\"spacer.default\">\n\t\t\t\t<div class=\"elementor-widget-container\">\n\t\t\t\t\t\t\t<div class=\"elementor-spacer\">\n\t\t\t<div class=\"elementor-spacer-inner\"><\/div>\n\t\t<\/div>\n\t\t\t\t\t\t<\/div>\n\t\t\t\t<\/div>\n\t\t\t\t\t<\/div>\n\t\t<\/div>\n\t\t\t\t\t<\/div>\n\t\t<\/section>\n\t\t\t\t<\/div>\n\t\t","protected":false},"excerpt":{"rendered":"<p>Rapports annuels PWS Le rapport annuel pr\u00e9sente les activit\u00e9s de PWS durant l&rsquo;ann\u00e9e \u00e9coul\u00e9e. Rapports annuels Rapport annuel 2024Rapport annuel 2023Rapport annuel 2022Rapport annuel 2021Rapport annuel 2020Rapport annuel 2019Rapport annuel&#8230;<a class=\"excerpt-link\" href=\"https:\/\/www.peacewatch.ch\/fr\/rapports-annuels\/\">Continue reading <span class=\"screen-reader-text\">Rapports Annuels<\/span> <span class=\"meta-nav\" aria-hidden=\"true\">&rarr;<\/span><\/a><\/p>\n","protected":false},"author":6,"featured_media":4774,"parent":0,"menu_order":0,"comment_status":"closed","ping_status":"closed","template":"page-templates\/fullwidth-th-template.php","meta":{"footnotes":""},"folder":[],"class_list":["post-7157","page","type-page","status-publish","has-post-thumbnail","hentry"],"yoast_head":"<!-- This site is optimized with the Yoast SEO plugin v26.8 - https:\/\/yoast.com\/product\/yoast-seo-wordpress\/ -->\n<title>Rapports Annuels &#8211; Peace Watch Switzerland<\/title>\n<meta name=\"robots\" content=\"index, follow, max-snippet:-1, max-image-preview:large, max-video-preview:-1\" \/>\n<link rel=\"canonical\" href=\"https:\/\/www.peacewatch.ch\/fr\/rapports-annuels\/\" \/>\n<meta property=\"og:locale\" content=\"fr_FR\" \/>\n<meta property=\"og:type\" content=\"article\" \/>\n<meta property=\"og:title\" content=\"Rapports Annuels &#8211; Peace Watch Switzerland\" \/>\n<meta property=\"og:description\" content=\"Rapports annuels PWS Le rapport annuel pr\u00e9sente les activit\u00e9s de PWS durant l&rsquo;ann\u00e9e \u00e9coul\u00e9e. Rapports annuels Rapport annuel 2024Rapport annuel 2023Rapport annuel 2022Rapport annuel 2021Rapport annuel 2020Rapport annuel 2019Rapport annuel...Continue reading Rapports Annuels &rarr;\" \/>\n<meta property=\"og:url\" content=\"https:\/\/www.peacewatch.ch\/fr\/rapports-annuels\/\" \/>\n<meta property=\"og:site_name\" content=\"Peace Watch Switzerland\" \/>\n<meta property=\"article:modified_time\" content=\"2025-04-24T22:47:29+00:00\" \/>\n<meta property=\"og:image\" content=\"https:\/\/www.peacewatch.ch\/wp-content\/uploads\/2020\/06\/2019_asamblea_2-scaled.jpg\" \/>\n\t<meta property=\"og:image:width\" content=\"2560\" \/>\n\t<meta property=\"og:image:height\" content=\"1920\" \/>\n\t<meta property=\"og:image:type\" content=\"image\/jpeg\" \/>\n<meta name=\"twitter:card\" content=\"summary_large_image\" \/>\n<meta name=\"twitter:label1\" content=\"Dur\u00e9e de lecture estim\u00e9e\" \/>\n\t<meta name=\"twitter:data1\" content=\"1 minute\" \/>\n<script type=\"application\/ld+json\" class=\"yoast-schema-graph\">{\"@context\":\"https:\/\/schema.org\",\"@graph\":[{\"@type\":\"WebPage\",\"@id\":\"https:\/\/www.peacewatch.ch\/fr\/rapports-annuels\/\",\"url\":\"https:\/\/www.peacewatch.ch\/fr\/rapports-annuels\/\",\"name\":\"Rapports Annuels &#8211; Peace Watch Switzerland\",\"isPartOf\":{\"@id\":\"https:\/\/www.peacewatch.ch\/fr\/#website\"},\"primaryImageOfPage\":{\"@id\":\"https:\/\/www.peacewatch.ch\/fr\/rapports-annuels\/#primaryimage\"},\"image\":{\"@id\":\"https:\/\/www.peacewatch.ch\/fr\/rapports-annuels\/#primaryimage\"},\"thumbnailUrl\":\"https:\/\/www.peacewatch.ch\/wp-content\/uploads\/2020\/06\/2019_asamblea_2-scaled.jpg\",\"datePublished\":\"2020-08-31T18:42:33+00:00\",\"dateModified\":\"2025-04-24T22:47:29+00:00\",\"breadcrumb\":{\"@id\":\"https:\/\/www.peacewatch.ch\/fr\/rapports-annuels\/#breadcrumb\"},\"inLanguage\":\"fr-FR\",\"potentialAction\":[{\"@type\":\"ReadAction\",\"target\":[\"https:\/\/www.peacewatch.ch\/fr\/rapports-annuels\/\"]}]},{\"@type\":\"ImageObject\",\"inLanguage\":\"fr-FR\",\"@id\":\"https:\/\/www.peacewatch.ch\/fr\/rapports-annuels\/#primaryimage\",\"url\":\"https:\/\/www.peacewatch.ch\/wp-content\/uploads\/2020\/06\/2019_asamblea_2-scaled.jpg\",\"contentUrl\":\"https:\/\/www.peacewatch.ch\/wp-content\/uploads\/2020\/06\/2019_asamblea_2-scaled.jpg\",\"width\":2560,\"height\":1920,\"caption\":\"APPAREIL PHOTO NUM\u00c9RIQUE OLYMPUS\"},{\"@type\":\"BreadcrumbList\",\"@id\":\"https:\/\/www.peacewatch.ch\/fr\/rapports-annuels\/#breadcrumb\",\"itemListElement\":[{\"@type\":\"ListItem\",\"position\":1,\"name\":\"Home\",\"item\":\"https:\/\/www.peacewatch.ch\/fr\/\"},{\"@type\":\"ListItem\",\"position\":2,\"name\":\"Rapports Annuels\"}]},{\"@type\":\"WebSite\",\"@id\":\"https:\/\/www.peacewatch.ch\/fr\/#website\",\"url\":\"https:\/\/www.peacewatch.ch\/fr\/\",\"name\":\"Peace Watch Switzerland\",\"description\":\"Unterwegs f\u00fcr Menschenrechte\",\"publisher\":{\"@id\":\"https:\/\/www.peacewatch.ch\/fr\/#organization\"},\"potentialAction\":[{\"@type\":\"SearchAction\",\"target\":{\"@type\":\"EntryPoint\",\"urlTemplate\":\"https:\/\/www.peacewatch.ch\/fr\/?s={search_term_string}\"},\"query-input\":{\"@type\":\"PropertyValueSpecification\",\"valueRequired\":true,\"valueName\":\"search_term_string\"}}],\"inLanguage\":\"fr-FR\"},{\"@type\":\"Organization\",\"@id\":\"https:\/\/www.peacewatch.ch\/fr\/#organization\",\"name\":\"Peace Watch Switzerland\",\"url\":\"https:\/\/www.peacewatch.ch\/fr\/\",\"logo\":{\"@type\":\"ImageObject\",\"inLanguage\":\"fr-FR\",\"@id\":\"https:\/\/www.peacewatch.ch\/fr\/#\/schema\/logo\/image\/\",\"url\":\"https:\/\/www.peacewatch.ch\/wp-content\/uploads\/2020\/06\/cropped-Logo_Schwei_Strichmodus_d.png\",\"contentUrl\":\"https:\/\/www.peacewatch.ch\/wp-content\/uploads\/2020\/06\/cropped-Logo_Schwei_Strichmodus_d.png\",\"width\":9999,\"height\":2558,\"caption\":\"Peace Watch Switzerland\"},\"image\":{\"@id\":\"https:\/\/www.peacewatch.ch\/fr\/#\/schema\/logo\/image\/\"}}]}<\/script>\n<!-- \/ Yoast SEO plugin. -->","yoast_head_json":{"title":"Rapports Annuels &#8211; Peace Watch Switzerland","robots":{"index":"index","follow":"follow","max-snippet":"max-snippet:-1","max-image-preview":"max-image-preview:large","max-video-preview":"max-video-preview:-1"},"canonical":"https:\/\/www.peacewatch.ch\/fr\/rapports-annuels\/","og_locale":"fr_FR","og_type":"article","og_title":"Rapports Annuels &#8211; Peace Watch Switzerland","og_description":"Rapports annuels PWS Le rapport annuel pr\u00e9sente les activit\u00e9s de PWS durant l&rsquo;ann\u00e9e \u00e9coul\u00e9e. Rapports annuels Rapport annuel 2024Rapport annuel 2023Rapport annuel 2022Rapport annuel 2021Rapport annuel 2020Rapport annuel 2019Rapport annuel...Continue reading Rapports Annuels &rarr;","og_url":"https:\/\/www.peacewatch.ch\/fr\/rapports-annuels\/","og_site_name":"Peace Watch Switzerland","article_modified_time":"2025-04-24T22:47:29+00:00","og_image":[{"width":2560,"height":1920,"url":"https:\/\/www.peacewatch.ch\/wp-content\/uploads\/2020\/06\/2019_asamblea_2-scaled.jpg","type":"image\/jpeg"}],"twitter_card":"summary_large_image","twitter_misc":{"Dur\u00e9e de lecture estim\u00e9e":"1 minute"},"schema":{"@context":"https:\/\/schema.org","@graph":[{"@type":"WebPage","@id":"https:\/\/www.peacewatch.ch\/fr\/rapports-annuels\/","url":"https:\/\/www.peacewatch.ch\/fr\/rapports-annuels\/","name":"Rapports Annuels &#8211; Peace Watch Switzerland","isPartOf":{"@id":"https:\/\/www.peacewatch.ch\/fr\/#website"},"primaryImageOfPage":{"@id":"https:\/\/www.peacewatch.ch\/fr\/rapports-annuels\/#primaryimage"},"image":{"@id":"https:\/\/www.peacewatch.ch\/fr\/rapports-annuels\/#primaryimage"},"thumbnailUrl":"https:\/\/www.peacewatch.ch\/wp-content\/uploads\/2020\/06\/2019_asamblea_2-scaled.jpg","datePublished":"2020-08-31T18:42:33+00:00","dateModified":"2025-04-24T22:47:29+00:00","breadcrumb":{"@id":"https:\/\/www.peacewatch.ch\/fr\/rapports-annuels\/#breadcrumb"},"inLanguage":"fr-FR","potentialAction":[{"@type":"ReadAction","target":["https:\/\/www.peacewatch.ch\/fr\/rapports-annuels\/"]}]},{"@type":"ImageObject","inLanguage":"fr-FR","@id":"https:\/\/www.peacewatch.ch\/fr\/rapports-annuels\/#primaryimage","url":"https:\/\/www.peacewatch.ch\/wp-content\/uploads\/2020\/06\/2019_asamblea_2-scaled.jpg","contentUrl":"https:\/\/www.peacewatch.ch\/wp-content\/uploads\/2020\/06\/2019_asamblea_2-scaled.jpg","width":2560,"height":1920,"caption":"APPAREIL PHOTO NUM\u00c9RIQUE OLYMPUS"},{"@type":"BreadcrumbList","@id":"https:\/\/www.peacewatch.ch\/fr\/rapports-annuels\/#breadcrumb","itemListElement":[{"@type":"ListItem","position":1,"name":"Home","item":"https:\/\/www.peacewatch.ch\/fr\/"},{"@type":"ListItem","position":2,"name":"Rapports Annuels"}]},{"@type":"WebSite","@id":"https:\/\/www.peacewatch.ch\/fr\/#website","url":"https:\/\/www.peacewatch.ch\/fr\/","name":"Peace Watch Switzerland","description":"Unterwegs f\u00fcr Menschenrechte","publisher":{"@id":"https:\/\/www.peacewatch.ch\/fr\/#organization"},"potentialAction":[{"@type":"SearchAction","target":{"@type":"EntryPoint","urlTemplate":"https:\/\/www.peacewatch.ch\/fr\/?s={search_term_string}"},"query-input":{"@type":"PropertyValueSpecification","valueRequired":true,"valueName":"search_term_string"}}],"inLanguage":"fr-FR"},{"@type":"Organization","@id":"https:\/\/www.peacewatch.ch\/fr\/#organization","name":"Peace Watch Switzerland","url":"https:\/\/www.peacewatch.ch\/fr\/","logo":{"@type":"ImageObject","inLanguage":"fr-FR","@id":"https:\/\/www.peacewatch.ch\/fr\/#\/schema\/logo\/image\/","url":"https:\/\/www.peacewatch.ch\/wp-content\/uploads\/2020\/06\/cropped-Logo_Schwei_Strichmodus_d.png","contentUrl":"https:\/\/www.peacewatch.ch\/wp-content\/uploads\/2020\/06\/cropped-Logo_Schwei_Strichmodus_d.png","width":9999,"height":2558,"caption":"Peace Watch Switzerland"},"image":{"@id":"https:\/\/www.peacewatch.ch\/fr\/#\/schema\/logo\/image\/"}}]}},"post_mailing_queue_ids":[],"_links":{"self":[{"href":"https:\/\/www.peacewatch.ch\/fr\/wp-json\/wp\/v2\/pages\/7157","targetHints":{"allow":["GET"]}}],"collection":[{"href":"https:\/\/www.peacewatch.ch\/fr\/wp-json\/wp\/v2\/pages"}],"about":[{"href":"https:\/\/www.peacewatch.ch\/fr\/wp-json\/wp\/v2\/types\/page"}],"author":[{"embeddable":true,"href":"https:\/\/www.peacewatch.ch\/fr\/wp-json\/wp\/v2\/users\/6"}],"replies":[{"embeddable":true,"href":"https:\/\/www.peacewatch.ch\/fr\/wp-json\/wp\/v2\/comments?post=7157"}],"version-history":[{"count":21,"href":"https:\/\/www.peacewatch.ch\/fr\/wp-json\/wp\/v2\/pages\/7157\/revisions"}],"predecessor-version":[{"id":12431,"href":"https:\/\/www.peacewatch.ch\/fr\/wp-json\/wp\/v2\/pages\/7157\/revisions\/12431"}],"wp:featuredmedia":[{"embeddable":true,"href":"https:\/\/www.peacewatch.ch\/fr\/wp-json\/wp\/v2\/media\/4774"}],"wp:attachment":[{"href":"https:\/\/www.peacewatch.ch\/fr\/wp-json\/wp\/v2\/media?parent=7157"}],"wp:term":[{"taxonomy":"folder","embeddable":true,"href":"https:\/\/www.peacewatch.ch\/fr\/wp-json\/wp\/v2\/folder?post=7157"}],"curies":[{"name":"wp","href":"https:\/\/api.w.org\/{rel}","templated":true}]}}