{"id":8891,"date":"2021-12-06T16:23:15","date_gmt":"2021-12-06T15:23:15","guid":{"rendered":"https:\/\/www.peacewatch.ch\/?page_id=8891"},"modified":"2021-12-06T16:41:56","modified_gmt":"2021-12-06T15:41:56","slug":"recits-dobservateurs%c2%b7trices-des-droits-humains-retrospective","status":"publish","type":"page","link":"https:\/\/www.peacewatch.ch\/fr\/recits-dobservateurs%c2%b7trices-des-droits-humains-retrospective\/","title":{"rendered":"Augenzeug*innenberichte aus der Retrospektive"},"content":{"rendered":"\t\t<div data-elementor-type=\"wp-page\" data-elementor-id=\"8891\" class=\"elementor elementor-8891 elementor-8860\" data-elementor-post-type=\"page\">\n\t\t\t\t\t\t<section class=\"elementor-section elementor-top-section elementor-element elementor-element-7fcd01f elementor-section-boxed elementor-section-height-default elementor-section-height-default\" data-id=\"7fcd01f\" data-element_type=\"section\" data-e-type=\"section\">\n\t\t\t\t\t\t<div class=\"elementor-container elementor-column-gap-default\">\n\t\t\t\t\t<div class=\"elementor-column elementor-col-100 elementor-top-column elementor-element elementor-element-a576f58\" data-id=\"a576f58\" data-element_type=\"column\" data-e-type=\"column\">\n\t\t\t<div class=\"elementor-widget-wrap elementor-element-populated\">\n\t\t\t\t\t\t<div class=\"elementor-element elementor-element-c1a2678 elementor-widget elementor-widget-spacer\" data-id=\"c1a2678\" data-element_type=\"widget\" data-e-type=\"widget\" data-widget_type=\"spacer.default\">\n\t\t\t\t<div class=\"elementor-widget-container\">\n\t\t\t\t\t\t\t<div class=\"elementor-spacer\">\n\t\t\t<div class=\"elementor-spacer-inner\"><\/div>\n\t\t<\/div>\n\t\t\t\t\t\t<\/div>\n\t\t\t\t<\/div>\n\t\t\t\t<div class=\"elementor-element elementor-element-2e4590c elementor-widget elementor-widget-heading\" data-id=\"2e4590c\" data-element_type=\"widget\" data-e-type=\"widget\" data-widget_type=\"heading.default\">\n\t\t\t\t<div class=\"elementor-widget-container\">\n\t\t\t\t\t<h1 class=\"elementor-heading-title elementor-size-xl\">R\u00c9CITS D'OBSERVATEURS\u00b7TRICES DES DROITS HUMAINS - R\u00c9TROSPECTIVE<\/h1>\t\t\t\t<\/div>\n\t\t\t\t<\/div>\n\t\t\t\t\t<\/div>\n\t\t<\/div>\n\t\t\t\t\t<\/div>\n\t\t<\/section>\n\t\t\t\t<section class=\"elementor-section elementor-top-section elementor-element elementor-element-b3e8464 elementor-section-boxed elementor-section-height-default elementor-section-height-default\" data-id=\"b3e8464\" data-element_type=\"section\" data-e-type=\"section\">\n\t\t\t\t\t\t<div class=\"elementor-container elementor-column-gap-default\">\n\t\t\t\t\t<div class=\"elementor-column elementor-col-100 elementor-top-column elementor-element elementor-element-09c9201\" data-id=\"09c9201\" data-element_type=\"column\" data-e-type=\"column\">\n\t\t\t<div class=\"elementor-widget-wrap elementor-element-populated\">\n\t\t\t\t\t\t<div class=\"elementor-element elementor-element-3a57c47 elementor-widget elementor-widget-spacer\" data-id=\"3a57c47\" data-element_type=\"widget\" data-e-type=\"widget\" data-widget_type=\"spacer.default\">\n\t\t\t\t<div class=\"elementor-widget-container\">\n\t\t\t\t\t\t\t<div class=\"elementor-spacer\">\n\t\t\t<div class=\"elementor-spacer-inner\"><\/div>\n\t\t<\/div>\n\t\t\t\t\t\t<\/div>\n\t\t\t\t<\/div>\n\t\t\t\t\t<\/div>\n\t\t<\/div>\n\t\t\t\t\t<\/div>\n\t\t<\/section>\n\t\t\t\t<section class=\"elementor-section elementor-top-section elementor-element elementor-element-749867e elementor-section-boxed elementor-section-height-default elementor-section-height-default\" data-id=\"749867e\" data-element_type=\"section\" data-e-type=\"section\">\n\t\t\t\t\t\t<div class=\"elementor-container elementor-column-gap-default\">\n\t\t\t\t\t<div class=\"elementor-column elementor-col-100 elementor-top-column elementor-element elementor-element-8e87953\" data-id=\"8e87953\" data-element_type=\"column\" data-e-type=\"column\">\n\t\t\t<div class=\"elementor-widget-wrap elementor-element-populated\">\n\t\t\t\t\t\t<div class=\"elementor-element elementor-element-130da45 elementor-widget elementor-widget-text-editor\" data-id=\"130da45\" data-element_type=\"widget\" data-e-type=\"widget\" data-widget_type=\"text-editor.default\">\n\t\t\t\t<div class=\"elementor-widget-container\">\n\t\t\t\t\t\t\t\t\t\u00c0 l\u2019occasion de son 20e anniversaire, PWS a demand\u00e9 \u00e0 d\u2019ancien\u00b7ne\u00b7s volontaires de r\u00e9diger un texte sur leur exp\u00e9rience pass\u00e9e sur le terrain. Dans cette s\u00e9rie de t\u00e9moignages, vous d\u00e9couvrirez des r\u00e9cits riches en \u00e9motions.\t\t\t\t\t\t\t\t<\/div>\n\t\t\t\t<\/div>\n\t\t\t\t\t<\/div>\n\t\t<\/div>\n\t\t\t\t\t<\/div>\n\t\t<\/section>\n\t\t\t\t<section class=\"elementor-section elementor-top-section elementor-element elementor-element-8666240 elementor-section-boxed elementor-section-height-default elementor-section-height-default\" data-id=\"8666240\" data-element_type=\"section\" data-e-type=\"section\">\n\t\t\t\t\t\t<div class=\"elementor-container elementor-column-gap-default\">\n\t\t\t\t\t<div class=\"elementor-column elementor-col-100 elementor-top-column elementor-element elementor-element-d4e8584\" data-id=\"d4e8584\" data-element_type=\"column\" data-e-type=\"column\">\n\t\t\t<div class=\"elementor-widget-wrap elementor-element-populated\">\n\t\t\t\t\t\t<div class=\"elementor-element elementor-element-993de07 elementor-widget elementor-widget-spacer\" data-id=\"993de07\" data-element_type=\"widget\" data-e-type=\"widget\" data-widget_type=\"spacer.default\">\n\t\t\t\t<div class=\"elementor-widget-container\">\n\t\t\t\t\t\t\t<div class=\"elementor-spacer\">\n\t\t\t<div class=\"elementor-spacer-inner\"><\/div>\n\t\t<\/div>\n\t\t\t\t\t\t<\/div>\n\t\t\t\t<\/div>\n\t\t\t\t\t<\/div>\n\t\t<\/div>\n\t\t\t\t\t<\/div>\n\t\t<\/section>\n\t\t\t\t<section class=\"elementor-section elementor-top-section elementor-element elementor-element-bb1c994 elementor-section-boxed elementor-section-height-default elementor-section-height-default\" data-id=\"bb1c994\" data-element_type=\"section\" data-e-type=\"section\">\n\t\t\t\t\t\t<div class=\"elementor-container elementor-column-gap-default\">\n\t\t\t\t\t<div class=\"elementor-column elementor-col-100 elementor-top-column elementor-element elementor-element-fa11498\" data-id=\"fa11498\" data-element_type=\"column\" data-e-type=\"column\">\n\t\t\t<div class=\"elementor-widget-wrap elementor-element-populated\">\n\t\t\t\t\t\t\t<\/div>\n\t\t<\/div>\n\t\t\t\t\t<\/div>\n\t\t<\/section>\n\t\t\t\t<\/div>\n\t\t","protected":false},"excerpt":{"rendered":"<p>R\u00c9CITS D&rsquo;OBSERVATEURS\u00b7TRICES DES DROITS HUMAINS &#8211; R\u00c9TROSPECTIVE \u00c0 l\u2019occasion de son 20e anniversaire, PWS a demand\u00e9 \u00e0 d\u2019ancien\u00b7ne\u00b7s volontaires de r\u00e9diger un texte sur leur exp\u00e9rience pass\u00e9e sur le terrain&#8230;.<a class=\"excerpt-link\" href=\"https:\/\/www.peacewatch.ch\/fr\/recits-dobservateurs%c2%b7trices-des-droits-humains-retrospective\/\">Continue reading <span class=\"screen-reader-text\">Augenzeug*innenberichte aus der Retrospektive<\/span> <span class=\"meta-nav\" aria-hidden=\"true\">&rarr;<\/span><\/a><\/p>\n","protected":false},"author":3,"featured_media":8889,"parent":0,"menu_order":0,"comment_status":"closed","ping_status":"closed","template":"page-templates\/fullwidth-th-template.php","meta":{"footnotes":""},"folder":[],"class_list":["post-8891","page","type-page","status-publish","has-post-thumbnail","hentry"],"yoast_head":"<!-- This site is optimized with the Yoast SEO plugin v26.8 - https:\/\/yoast.com\/product\/yoast-seo-wordpress\/ -->\n<title>Augenzeug*innenberichte aus der Retrospektive &#8211; Peace Watch Switzerland<\/title>\n<meta name=\"robots\" content=\"index, follow, max-snippet:-1, max-image-preview:large, max-video-preview:-1\" \/>\n<link rel=\"canonical\" href=\"https:\/\/www.peacewatch.ch\/fr\/recits-dobservateurs%c2%b7trices-des-droits-humains-retrospective\/\" \/>\n<meta property=\"og:locale\" content=\"fr_FR\" \/>\n<meta property=\"og:type\" content=\"article\" \/>\n<meta property=\"og:title\" content=\"Augenzeug*innenberichte aus der Retrospektive &#8211; Peace Watch Switzerland\" \/>\n<meta property=\"og:description\" content=\"R\u00c9CITS D&rsquo;OBSERVATEURS\u00b7TRICES DES DROITS HUMAINS &#8211; R\u00c9TROSPECTIVE \u00c0 l\u2019occasion de son 20e anniversaire, PWS a demand\u00e9 \u00e0 d\u2019ancien\u00b7ne\u00b7s volontaires de r\u00e9diger un texte sur leur exp\u00e9rience pass\u00e9e sur le terrain....Continue reading Augenzeug*innenberichte aus der Retrospektive &rarr;\" \/>\n<meta property=\"og:url\" content=\"https:\/\/www.peacewatch.ch\/fr\/recits-dobservateurs%c2%b7trices-des-droits-humains-retrospective\/\" \/>\n<meta property=\"og:site_name\" content=\"Peace Watch Switzerland\" \/>\n<meta property=\"article:modified_time\" content=\"2021-12-06T15:41:56+00:00\" \/>\n<meta property=\"og:image\" content=\"https:\/\/www.peacewatch.ch\/wp-content\/uploads\/2021\/12\/IMG_0521_V4-scaled.jpg\" \/>\n\t<meta property=\"og:image:width\" content=\"2560\" \/>\n\t<meta property=\"og:image:height\" content=\"746\" \/>\n\t<meta property=\"og:image:type\" content=\"image\/jpeg\" \/>\n<meta name=\"twitter:card\" content=\"summary_large_image\" \/>\n<meta name=\"twitter:label1\" content=\"Dur\u00e9e de lecture estim\u00e9e\" \/>\n\t<meta name=\"twitter:data1\" content=\"3 minutes\" \/>\n<script type=\"application\/ld+json\" class=\"yoast-schema-graph\">{\"@context\":\"https:\/\/schema.org\",\"@graph\":[{\"@type\":\"WebPage\",\"@id\":\"https:\/\/www.peacewatch.ch\/fr\/recits-dobservateurs%c2%b7trices-des-droits-humains-retrospective\/\",\"url\":\"https:\/\/www.peacewatch.ch\/fr\/recits-dobservateurs%c2%b7trices-des-droits-humains-retrospective\/\",\"name\":\"Augenzeug*innenberichte aus der Retrospektive &#8211; Peace Watch Switzerland\",\"isPartOf\":{\"@id\":\"https:\/\/www.peacewatch.ch\/fr\/#website\"},\"primaryImageOfPage\":{\"@id\":\"https:\/\/www.peacewatch.ch\/fr\/recits-dobservateurs%c2%b7trices-des-droits-humains-retrospective\/#primaryimage\"},\"image\":{\"@id\":\"https:\/\/www.peacewatch.ch\/fr\/recits-dobservateurs%c2%b7trices-des-droits-humains-retrospective\/#primaryimage\"},\"thumbnailUrl\":\"https:\/\/www.peacewatch.ch\/wp-content\/uploads\/2021\/12\/IMG_0521_V4-scaled.jpg\",\"datePublished\":\"2021-12-06T15:23:15+00:00\",\"dateModified\":\"2021-12-06T15:41:56+00:00\",\"breadcrumb\":{\"@id\":\"https:\/\/www.peacewatch.ch\/fr\/recits-dobservateurs%c2%b7trices-des-droits-humains-retrospective\/#breadcrumb\"},\"inLanguage\":\"fr-FR\",\"potentialAction\":[{\"@type\":\"ReadAction\",\"target\":[\"https:\/\/www.peacewatch.ch\/fr\/recits-dobservateurs%c2%b7trices-des-droits-humains-retrospective\/\"]}]},{\"@type\":\"ImageObject\",\"inLanguage\":\"fr-FR\",\"@id\":\"https:\/\/www.peacewatch.ch\/fr\/recits-dobservateurs%c2%b7trices-des-droits-humains-retrospective\/#primaryimage\",\"url\":\"https:\/\/www.peacewatch.ch\/wp-content\/uploads\/2021\/12\/IMG_0521_V4-scaled.jpg\",\"contentUrl\":\"https:\/\/www.peacewatch.ch\/wp-content\/uploads\/2021\/12\/IMG_0521_V4-scaled.jpg\",\"width\":2560,\"height\":746},{\"@type\":\"BreadcrumbList\",\"@id\":\"https:\/\/www.peacewatch.ch\/fr\/recits-dobservateurs%c2%b7trices-des-droits-humains-retrospective\/#breadcrumb\",\"itemListElement\":[{\"@type\":\"ListItem\",\"position\":1,\"name\":\"Home\",\"item\":\"https:\/\/www.peacewatch.ch\/fr\/\"},{\"@type\":\"ListItem\",\"position\":2,\"name\":\"Augenzeug*innenberichte aus der Retrospektive\"}]},{\"@type\":\"WebSite\",\"@id\":\"https:\/\/www.peacewatch.ch\/fr\/#website\",\"url\":\"https:\/\/www.peacewatch.ch\/fr\/\",\"name\":\"Peace Watch Switzerland\",\"description\":\"Unterwegs f\u00fcr Menschenrechte\",\"publisher\":{\"@id\":\"https:\/\/www.peacewatch.ch\/fr\/#organization\"},\"potentialAction\":[{\"@type\":\"SearchAction\",\"target\":{\"@type\":\"EntryPoint\",\"urlTemplate\":\"https:\/\/www.peacewatch.ch\/fr\/?s={search_term_string}\"},\"query-input\":{\"@type\":\"PropertyValueSpecification\",\"valueRequired\":true,\"valueName\":\"search_term_string\"}}],\"inLanguage\":\"fr-FR\"},{\"@type\":\"Organization\",\"@id\":\"https:\/\/www.peacewatch.ch\/fr\/#organization\",\"name\":\"Peace Watch Switzerland\",\"url\":\"https:\/\/www.peacewatch.ch\/fr\/\",\"logo\":{\"@type\":\"ImageObject\",\"inLanguage\":\"fr-FR\",\"@id\":\"https:\/\/www.peacewatch.ch\/fr\/#\/schema\/logo\/image\/\",\"url\":\"https:\/\/www.peacewatch.ch\/wp-content\/uploads\/2020\/06\/cropped-Logo_Schwei_Strichmodus_d.png\",\"contentUrl\":\"https:\/\/www.peacewatch.ch\/wp-content\/uploads\/2020\/06\/cropped-Logo_Schwei_Strichmodus_d.png\",\"width\":9999,\"height\":2558,\"caption\":\"Peace Watch Switzerland\"},\"image\":{\"@id\":\"https:\/\/www.peacewatch.ch\/fr\/#\/schema\/logo\/image\/\"}}]}<\/script>\n<!-- \/ Yoast SEO plugin. -->","yoast_head_json":{"title":"Augenzeug*innenberichte aus der Retrospektive &#8211; Peace Watch Switzerland","robots":{"index":"index","follow":"follow","max-snippet":"max-snippet:-1","max-image-preview":"max-image-preview:large","max-video-preview":"max-video-preview:-1"},"canonical":"https:\/\/www.peacewatch.ch\/fr\/recits-dobservateurs%c2%b7trices-des-droits-humains-retrospective\/","og_locale":"fr_FR","og_type":"article","og_title":"Augenzeug*innenberichte aus der Retrospektive &#8211; Peace Watch Switzerland","og_description":"R\u00c9CITS D&rsquo;OBSERVATEURS\u00b7TRICES DES DROITS HUMAINS &#8211; R\u00c9TROSPECTIVE \u00c0 l\u2019occasion de son 20e anniversaire, PWS a demand\u00e9 \u00e0 d\u2019ancien\u00b7ne\u00b7s volontaires de r\u00e9diger un texte sur leur exp\u00e9rience pass\u00e9e sur le terrain....Continue reading Augenzeug*innenberichte aus der Retrospektive &rarr;","og_url":"https:\/\/www.peacewatch.ch\/fr\/recits-dobservateurs%c2%b7trices-des-droits-humains-retrospective\/","og_site_name":"Peace Watch Switzerland","article_modified_time":"2021-12-06T15:41:56+00:00","og_image":[{"width":2560,"height":746,"url":"https:\/\/www.peacewatch.ch\/wp-content\/uploads\/2021\/12\/IMG_0521_V4-scaled.jpg","type":"image\/jpeg"}],"twitter_card":"summary_large_image","twitter_misc":{"Dur\u00e9e de lecture estim\u00e9e":"3 minutes"},"schema":{"@context":"https:\/\/schema.org","@graph":[{"@type":"WebPage","@id":"https:\/\/www.peacewatch.ch\/fr\/recits-dobservateurs%c2%b7trices-des-droits-humains-retrospective\/","url":"https:\/\/www.peacewatch.ch\/fr\/recits-dobservateurs%c2%b7trices-des-droits-humains-retrospective\/","name":"Augenzeug*innenberichte aus der Retrospektive &#8211; Peace Watch Switzerland","isPartOf":{"@id":"https:\/\/www.peacewatch.ch\/fr\/#website"},"primaryImageOfPage":{"@id":"https:\/\/www.peacewatch.ch\/fr\/recits-dobservateurs%c2%b7trices-des-droits-humains-retrospective\/#primaryimage"},"image":{"@id":"https:\/\/www.peacewatch.ch\/fr\/recits-dobservateurs%c2%b7trices-des-droits-humains-retrospective\/#primaryimage"},"thumbnailUrl":"https:\/\/www.peacewatch.ch\/wp-content\/uploads\/2021\/12\/IMG_0521_V4-scaled.jpg","datePublished":"2021-12-06T15:23:15+00:00","dateModified":"2021-12-06T15:41:56+00:00","breadcrumb":{"@id":"https:\/\/www.peacewatch.ch\/fr\/recits-dobservateurs%c2%b7trices-des-droits-humains-retrospective\/#breadcrumb"},"inLanguage":"fr-FR","potentialAction":[{"@type":"ReadAction","target":["https:\/\/www.peacewatch.ch\/fr\/recits-dobservateurs%c2%b7trices-des-droits-humains-retrospective\/"]}]},{"@type":"ImageObject","inLanguage":"fr-FR","@id":"https:\/\/www.peacewatch.ch\/fr\/recits-dobservateurs%c2%b7trices-des-droits-humains-retrospective\/#primaryimage","url":"https:\/\/www.peacewatch.ch\/wp-content\/uploads\/2021\/12\/IMG_0521_V4-scaled.jpg","contentUrl":"https:\/\/www.peacewatch.ch\/wp-content\/uploads\/2021\/12\/IMG_0521_V4-scaled.jpg","width":2560,"height":746},{"@type":"BreadcrumbList","@id":"https:\/\/www.peacewatch.ch\/fr\/recits-dobservateurs%c2%b7trices-des-droits-humains-retrospective\/#breadcrumb","itemListElement":[{"@type":"ListItem","position":1,"name":"Home","item":"https:\/\/www.peacewatch.ch\/fr\/"},{"@type":"ListItem","position":2,"name":"Augenzeug*innenberichte aus der Retrospektive"}]},{"@type":"WebSite","@id":"https:\/\/www.peacewatch.ch\/fr\/#website","url":"https:\/\/www.peacewatch.ch\/fr\/","name":"Peace Watch Switzerland","description":"Unterwegs f\u00fcr Menschenrechte","publisher":{"@id":"https:\/\/www.peacewatch.ch\/fr\/#organization"},"potentialAction":[{"@type":"SearchAction","target":{"@type":"EntryPoint","urlTemplate":"https:\/\/www.peacewatch.ch\/fr\/?s={search_term_string}"},"query-input":{"@type":"PropertyValueSpecification","valueRequired":true,"valueName":"search_term_string"}}],"inLanguage":"fr-FR"},{"@type":"Organization","@id":"https:\/\/www.peacewatch.ch\/fr\/#organization","name":"Peace Watch Switzerland","url":"https:\/\/www.peacewatch.ch\/fr\/","logo":{"@type":"ImageObject","inLanguage":"fr-FR","@id":"https:\/\/www.peacewatch.ch\/fr\/#\/schema\/logo\/image\/","url":"https:\/\/www.peacewatch.ch\/wp-content\/uploads\/2020\/06\/cropped-Logo_Schwei_Strichmodus_d.png","contentUrl":"https:\/\/www.peacewatch.ch\/wp-content\/uploads\/2020\/06\/cropped-Logo_Schwei_Strichmodus_d.png","width":9999,"height":2558,"caption":"Peace Watch Switzerland"},"image":{"@id":"https:\/\/www.peacewatch.ch\/fr\/#\/schema\/logo\/image\/"}}]}},"post_mailing_queue_ids":[],"_links":{"self":[{"href":"https:\/\/www.peacewatch.ch\/fr\/wp-json\/wp\/v2\/pages\/8891","targetHints":{"allow":["GET"]}}],"collection":[{"href":"https:\/\/www.peacewatch.ch\/fr\/wp-json\/wp\/v2\/pages"}],"about":[{"href":"https:\/\/www.peacewatch.ch\/fr\/wp-json\/wp\/v2\/types\/page"}],"author":[{"embeddable":true,"href":"https:\/\/www.peacewatch.ch\/fr\/wp-json\/wp\/v2\/users\/3"}],"replies":[{"embeddable":true,"href":"https:\/\/www.peacewatch.ch\/fr\/wp-json\/wp\/v2\/comments?post=8891"}],"version-history":[{"count":9,"href":"https:\/\/www.peacewatch.ch\/fr\/wp-json\/wp\/v2\/pages\/8891\/revisions"}],"predecessor-version":[{"id":8914,"href":"https:\/\/www.peacewatch.ch\/fr\/wp-json\/wp\/v2\/pages\/8891\/revisions\/8914"}],"wp:featuredmedia":[{"embeddable":true,"href":"https:\/\/www.peacewatch.ch\/fr\/wp-json\/wp\/v2\/media\/8889"}],"wp:attachment":[{"href":"https:\/\/www.peacewatch.ch\/fr\/wp-json\/wp\/v2\/media?parent=8891"}],"wp:term":[{"taxonomy":"folder","embeddable":true,"href":"https:\/\/www.peacewatch.ch\/fr\/wp-json\/wp\/v2\/folder?post=8891"}],"curies":[{"name":"wp","href":"https:\/\/api.w.org\/{rel}","templated":true}]}}