{"id":9427,"date":"2022-05-12T12:30:51","date_gmt":"2022-05-12T10:30:51","guid":{"rendered":"https:\/\/www.peacewatch.ch\/?page_id=9427"},"modified":"2022-05-12T12:35:09","modified_gmt":"2022-05-12T10:35:09","slug":"lignes-directrices-sur-la-protection-des-donnees","status":"publish","type":"page","link":"https:\/\/www.peacewatch.ch\/fr\/lignes-directrices-sur-la-protection-des-donnees\/","title":{"rendered":"Lignes directrices sur la protection des donn\u00e9es"},"content":{"rendered":"\t\t<div data-elementor-type=\"wp-page\" data-elementor-id=\"9427\" class=\"elementor elementor-9427 elementor-6606\" data-elementor-post-type=\"page\">\n\t\t\t\t\t\t<section class=\"elementor-section elementor-top-section elementor-element elementor-element-20dd632 elementor-section-boxed elementor-section-height-default elementor-section-height-default\" data-id=\"20dd632\" data-element_type=\"section\" data-e-type=\"section\">\n\t\t\t\t\t\t<div class=\"elementor-container elementor-column-gap-default\">\n\t\t\t\t\t<div class=\"elementor-column elementor-col-100 elementor-top-column elementor-element elementor-element-6462c68\" data-id=\"6462c68\" data-element_type=\"column\" data-e-type=\"column\">\n\t\t\t<div class=\"elementor-widget-wrap elementor-element-populated\">\n\t\t\t\t\t\t<div class=\"elementor-element elementor-element-9455c0d elementor-widget elementor-widget-spacer\" data-id=\"9455c0d\" data-element_type=\"widget\" data-e-type=\"widget\" data-widget_type=\"spacer.default\">\n\t\t\t\t<div class=\"elementor-widget-container\">\n\t\t\t\t\t\t\t<div class=\"elementor-spacer\">\n\t\t\t<div class=\"elementor-spacer-inner\"><\/div>\n\t\t<\/div>\n\t\t\t\t\t\t<\/div>\n\t\t\t\t<\/div>\n\t\t\t\t<div class=\"elementor-element elementor-element-b29c3f1 elementor-widget elementor-widget-heading\" data-id=\"b29c3f1\" data-element_type=\"widget\" data-e-type=\"widget\" data-widget_type=\"heading.default\">\n\t\t\t\t<div class=\"elementor-widget-container\">\n\t\t\t\t\t<h1 class=\"elementor-heading-title elementor-size-xl\">Lignes directrices sur la protection des donn\u00e9es<\/h1>\t\t\t\t<\/div>\n\t\t\t\t<\/div>\n\t\t\t\t\t<\/div>\n\t\t<\/div>\n\t\t\t\t\t<\/div>\n\t\t<\/section>\n\t\t\t\t<section class=\"elementor-section elementor-top-section elementor-element elementor-element-ee882ac elementor-section-boxed elementor-section-height-default elementor-section-height-default\" data-id=\"ee882ac\" data-element_type=\"section\" data-e-type=\"section\">\n\t\t\t\t\t\t<div class=\"elementor-container elementor-column-gap-default\">\n\t\t\t\t\t<div class=\"elementor-column elementor-col-100 elementor-top-column elementor-element elementor-element-ca9caca\" data-id=\"ca9caca\" data-element_type=\"column\" data-e-type=\"column\">\n\t\t\t<div class=\"elementor-widget-wrap elementor-element-populated\">\n\t\t\t\t\t\t<div class=\"elementor-element elementor-element-0978899 elementor-widget elementor-widget-spacer\" data-id=\"0978899\" data-element_type=\"widget\" data-e-type=\"widget\" data-widget_type=\"spacer.default\">\n\t\t\t\t<div class=\"elementor-widget-container\">\n\t\t\t\t\t\t\t<div class=\"elementor-spacer\">\n\t\t\t<div class=\"elementor-spacer-inner\"><\/div>\n\t\t<\/div>\n\t\t\t\t\t\t<\/div>\n\t\t\t\t<\/div>\n\t\t\t\t\t<\/div>\n\t\t<\/div>\n\t\t\t\t\t<\/div>\n\t\t<\/section>\n\t\t\t\t<section class=\"elementor-section elementor-top-section elementor-element elementor-element-d74d6f2 elementor-section-boxed elementor-section-height-default elementor-section-height-default\" data-id=\"d74d6f2\" data-element_type=\"section\" data-e-type=\"section\" data-settings=\"{&quot;background_background&quot;:&quot;classic&quot;}\">\n\t\t\t\t\t\t\t<div class=\"elementor-background-overlay\"><\/div>\n\t\t\t\t\t\t\t<div class=\"elementor-container elementor-column-gap-default\">\n\t\t\t\t\t<div class=\"elementor-column elementor-col-100 elementor-top-column elementor-element elementor-element-0ec17a4\" data-id=\"0ec17a4\" data-element_type=\"column\" data-e-type=\"column\">\n\t\t\t<div class=\"elementor-widget-wrap elementor-element-populated\">\n\t\t\t\t\t\t<div class=\"elementor-element elementor-element-e28183e elementor-widget elementor-widget-text-editor\" data-id=\"e28183e\" data-element_type=\"widget\" data-e-type=\"widget\" data-widget_type=\"text-editor.default\">\n\t\t\t\t<div class=\"elementor-widget-container\">\n\t\t\t\t\t\t\t\t\t<p><strong>Pour Peace Watch Switzerland, il est particuli\u00e8rement important de traiter les donn\u00e9es \u00e0 caract\u00e8re personnel de mani\u00e8re totalement confidentielle. PWS observe la Loi f\u00e9d\u00e9rale sur la protection des donn\u00e9es et communique de mani\u00e8re transparente sa politique en mati\u00e8re de r\u00e9colte et d\u2019utilisation des donn\u00e9es \u00e0 caract\u00e8re personnel dans les pr\u00e9sentes lignes directrices, o\u00f9 toute modification est imm\u00e9diatement signal\u00e9e.<\/strong><\/p><h4><strong>G\u00e9n\u00e9ralit\u00e9s\u00a0: donn\u00e9es \u00e0 caract\u00e8re personnel<\/strong><\/h4><p>Afin que nos offres soient cibl\u00e9es et pertinentes, et qu\u2019elles puissent \u00eatre utilis\u00e9es de fa\u00e7on efficace, il est n\u00e9cessaire de collecter certaines donn\u00e9es. Toute personne qui s\u2019int\u00e9resse \u00e0 PWS, demande des informations, s\u2019abonne \u00e0 une newsletter ou soutient financi\u00e8rement PWS, communique un certain nombre de donn\u00e9es \u00e0 caract\u00e8re personnel. Celles-ci sont compar\u00e9es avec le fichier d\u2019adresses de PWS et sauvegard\u00e9es \u00e9lectroniquement. Elles sont utilis\u00e9es uniquement pour les besoins de PWS. Pour le suivi des contacts, il peut \u00eatre n\u00e9cessaire de transmettre des extraits de ces donn\u00e9es \u00e0 des prestataires mandat\u00e9s par PWS (par ex. un imprimeur). Ceux-ci sont soumis \u00e0 la\u00a0Loi sur la protection des donn\u00e9es\u00a0et sont tenus contractuellement de ne pas utiliser les donn\u00e9es \u00e0 une autre fin et de ne pas les transmettre. \u00c0 l\u2019exception du cas de figure pr\u00e9c\u00e9demment mentionn\u00e9, PWS ne transmet ni ne commercialise aucune donn\u00e9e \u00e0 caract\u00e8re personnel.<\/p><h4><strong>Envois postaux et appels t\u00e9l\u00e9phoniques<\/strong><\/h4><p>Toute personne qui nous communique son adresse postale peut \u00eatre r\u00e9guli\u00e8rement inform\u00e9e de nos th\u00e9matiques par voie postale, \u00e0 moins qu\u2019elle ne s\u2019y oppose express\u00e9ment. Les donn\u00e9es t\u00e9l\u00e9phoniques sont utilis\u00e9es par PWS en cas de besoin de renseignements compl\u00e9mentaires et\/ou lors de campagnes t\u00e9l\u00e9phoniques.<\/p><h4><strong>Envois \u00e9lectroniques\u00a0: courriels et newsletter<\/strong><\/h4><p>Toute personne qui nous communique son adresse \u00e9lectronique peut recevoir des informations (comme par ex. des attestations de paiement ou des informations sur des \u00e9v\u00e9nements) par courriel. Les informations r\u00e9guli\u00e8res, en particulier la newsletter, ne sont toutefois envoy\u00e9es qu\u2019avec le consentement sp\u00e9cifique de la personne int\u00e9ress\u00e9e (Opt-In). Toute personne ne d\u00e9sirant plus recevoir notre newsletter peut simplement et rapidement se d\u00e9sabonner en nous envoyant un email ou en cliquant sur le lien correspondant indiqu\u00e9 dans chaque newsletter. Pour l\u2019envoi de sa newsletter \u00e9lectronique, PWS utilise l\u2019outil Mailchimp du prestataire am\u00e9ricain Intuit, qui permet des analyses utiles \u00e0 l\u2019optimisation de notre communication. L\u2019utilisation de notre newsletter (ouvertures, clics sur les liens) est enregistr\u00e9e et li\u00e9e \u00e0 des donn\u00e9es personnelles, ce qui nous permet d\u2019am\u00e9liorer nos offres.<\/p><h4><strong>Paiements<\/strong><\/h4><p>PWS traite toutes les donn\u00e9es relatives aux paiements de fa\u00e7on particuli\u00e8rement confidentielle. PWS est une organisation \u00e0 but non lucratif reconnue par la Zewo. Le label Zewo garantit que les dons soient utilis\u00e9s dans le respect des buts de PWS, de mani\u00e8re efficace et rentable. Il est \u00e9galement le garant d\u2019une communication interne et externe transparente, tant au niveau de la conduite des activit\u00e9s que de la gestion financi\u00e8re de l\u2019association.\u00a0<\/p><h4><strong>Site internet<\/strong><\/h4><p>Lorsqu\u2019un visiteur se connecte \u00e0 un site internet exploit\u00e9 par PWS, seules des donn\u00e9es impersonnelles sont enregistr\u00e9es par d\u00e9faut. Ces donn\u00e9es donnent des informations sur les pages et donn\u00e9es consult\u00e9es, l\u2019adresse IP de l\u2019ordinateur client, l\u2019heure et la dur\u00e9e de la visite, le syst\u00e8me d\u2019exploitation et le type de navigateur. Les visites sur le site internet peuvent \u00eatre associ\u00e9es \u00e0 des donn\u00e9es \u00e0 caract\u00e8re personnel si de telles donn\u00e9es ont \u00e9t\u00e9 communiqu\u00e9es \u00e0 PWS. Ceci nous permet de leur communiquer des informations pertinentes et cibl\u00e9es. Pour l\u2019\u00e9valuation de ces donn\u00e9es, PWS utilise les outils d\u2019analyse Matomo, Google Analytics et Webetats.<\/p><p>Le pixel de Facebook est int\u00e9gr\u00e9 sur certaines de nos pages internet. Votre visite sur ces pages peut donc \u00eatre associ\u00e9e \u00e0 votre compte d\u2019utilisateur Facebook. Nous pouvons utiliser ces informations pour cibler nos publicit\u00e9s sur Facebook ou pour des fonctions de suivi. Nous pr\u00e9cisons qu\u2019en tant que propri\u00e9taire des pages, nous ne recevons aucune information quant au contenu des donn\u00e9es transmises et leur utilisation par Facebook. Pour plus d\u2019informations \u00e0 ce sujet, veuillez consulter la\u00a0<a href=\"https:\/\/www.facebook.com\/about\/privacy\">Politique d\u2019utilisation des donn\u00e9es de Facebook<\/a>. Si vous ne souhaitez pas que vos donn\u00e9es soient collect\u00e9es \u00e0 l\u2019aide de la fonction d\u2019audience personnalis\u00e9e, vous avez la possibilit\u00e9\u00a0de la d\u00e9sactiver <a href=\"https:\/\/www.facebook.com\/adpreferences\/ad_settings\/?entry_product=account_settings_menu\">ici<\/a>.<\/p><h4><strong>Cookies<\/strong><\/h4><p>Des cookies sont utilis\u00e9s sur les sites internet exploit\u00e9s par PWS. Il s\u2019agit de petits fichiers texte qui sont enregistr\u00e9es sur l\u2019appareil utilis\u00e9 pour visiter les pages afin d\u2019analyser des donn\u00e9es d\u2019utilisation impersonnelles ou de reconna\u00eetre les visites r\u00e9currentes (par ex. choix de langue). PWS utilise, d\u2019une part, des cookies de session, qui expirent \u00e0 la fin de la session, et, d\u2019autre part, des cookies permanents, qui expirent apr\u00e8s un certain temps ou sont effac\u00e9s manuellement. Les cookies peuvent \u00eatre effac\u00e9s et d\u00e9sactiv\u00e9s \u00e0 tout instant dans les param\u00e8tres du navigateur.<\/p><p>PWS n\u2019a aucune influence sur les contenus externes auxquels nous faisons r\u00e9f\u00e9rence, ni sur le respect des dispositions relatives \u00e0 la protection des donn\u00e9es par des prestataires tiers dont les fonctionnalit\u00e9s sont li\u00e9es \u00e0 notre site internet. \u00c0 cet \u00e9gard, nous vous renvoyons aux lignes directrices en mati\u00e8re de protection des donn\u00e9es des prestataires tiers suivants ainsi qu\u2019\u00e0 celles de leurs filiales\u00a0:\u00a0<a href=\"https:\/\/fr-fr.facebook.com\/about\/privacy\">Facebook Inc.<\/a>\u00a0et\u00a0<a href=\"https:\/\/fr-fr.facebook.com\/help\/instagram\/155833707900388\">Instagram Inc.<\/a>,\u00a0<a href=\"https:\/\/twitter.com\/fr\/privacy\">Twitter Inc.<\/a>,\u00a0<a href=\"https:\/\/www.activecampaign.com\/privacy-policy\/\">ActiveCampaign Inc.<\/a>,\u00a0<a href=\"https:\/\/www.raisenow.com\/fr\/saas-agb\">RaiseNow<\/a>,\u00a0<a href=\"https:\/\/matomo.org\/privacy-policy\/\">InnoCraft Ltd.<\/a>,\u00a0<a href=\"https:\/\/paperform.co\/privacy\/\">Paperform<\/a>, <a href=\"https:\/\/www.intuit.com\/privacy\/statement\/\">Mailchimp<\/a>, <a href=\"https:\/\/www.youtube.com\/intl\/ALL_fr\/howyoutubeworks\/user-settings\/privacy\/\">Youtube<\/a>, <a href=\"https:\/\/policies.google.com\/privacy?hl=fr\">Google Inc.<\/a><\/p><h4><strong>Droit \u00e0 l\u2019information<\/strong><\/h4><p>Nous sommes dispos\u00e9s \u00e0 vous donner des renseignements par \u00e9crit sur vos donn\u00e9es individuelles sauvegard\u00e9es, et \u00e0 les corriger ou effacer si vous le d\u00e9sirez. Il vous suffit pour ce faire de vous adresser \u00e0 PWS via notre <a href=\"https:\/\/www.peacewatch.ch\/fr\/contact\/\">formulaire de contact<\/a>.<\/p><h4><strong>D\u00e9claration de consentement<\/strong><\/h4><p>En utilisant les offres de PWS susmentionn\u00e9es, vous consentez au traitement des donn\u00e9es collect\u00e9es \u00e0 votre sujet des diverses fa\u00e7ons d\u00e9crites et aux fins indiqu\u00e9es. PWS se tient \u00e0 votre disposition pour toute question ou information suppl\u00e9mentaire sur les lignes directrices en mati\u00e8re de protection des donn\u00e9es\u00a0: <a href=\"https:\/\/www.peacewatch.ch\/fr\/contact\/\">Peace Watch<\/a>.<\/p><p><em><strong>D\u00e9cision du comit\u00e9 du 10 f\u00e9vrier 2022<\/strong><\/em><\/p>\t\t\t\t\t\t\t\t<\/div>\n\t\t\t\t<\/div>\n\t\t\t\t\t<\/div>\n\t\t<\/div>\n\t\t\t\t\t<\/div>\n\t\t<\/section>\n\t\t\t\t<\/div>\n\t\t","protected":false},"excerpt":{"rendered":"<p>Lignes directrices sur la protection des donn\u00e9es Pour Peace Watch Switzerland, il est particuli\u00e8rement important de traiter les donn\u00e9es \u00e0 caract\u00e8re personnel de mani\u00e8re totalement confidentielle. PWS observe la Loi&#8230;<a class=\"excerpt-link\" href=\"https:\/\/www.peacewatch.ch\/fr\/lignes-directrices-sur-la-protection-des-donnees\/\">Continue reading <span class=\"screen-reader-text\">Lignes directrices sur la protection des donn\u00e9es<\/span> <span class=\"meta-nav\" aria-hidden=\"true\">&rarr;<\/span><\/a><\/p>\n","protected":false},"author":3,"featured_media":3432,"parent":0,"menu_order":0,"comment_status":"closed","ping_status":"closed","template":"page-templates\/fullwidth-th-template.php","meta":{"footnotes":""},"folder":[],"class_list":["post-9427","page","type-page","status-publish","has-post-thumbnail","hentry"],"yoast_head":"<!-- This site is optimized with the Yoast SEO plugin v26.8 - https:\/\/yoast.com\/product\/yoast-seo-wordpress\/ -->\n<title>Lignes directrices sur la protection des donn\u00e9es &#8211; Peace Watch Switzerland<\/title>\n<meta name=\"robots\" content=\"index, follow, max-snippet:-1, max-image-preview:large, max-video-preview:-1\" \/>\n<link rel=\"canonical\" href=\"https:\/\/www.peacewatch.ch\/fr\/lignes-directrices-sur-la-protection-des-donnees\/\" \/>\n<meta property=\"og:locale\" content=\"fr_FR\" \/>\n<meta property=\"og:type\" content=\"article\" \/>\n<meta property=\"og:title\" content=\"Lignes directrices sur la protection des donn\u00e9es &#8211; Peace Watch Switzerland\" \/>\n<meta property=\"og:description\" content=\"Lignes directrices sur la protection des donn\u00e9es Pour Peace Watch Switzerland, il est particuli\u00e8rement important de traiter les donn\u00e9es \u00e0 caract\u00e8re personnel de mani\u00e8re totalement confidentielle. PWS observe la Loi...Continue reading Lignes directrices sur la protection des donn\u00e9es &rarr;\" \/>\n<meta property=\"og:url\" content=\"https:\/\/www.peacewatch.ch\/fr\/lignes-directrices-sur-la-protection-des-donnees\/\" \/>\n<meta property=\"og:site_name\" content=\"Peace Watch Switzerland\" \/>\n<meta property=\"article:modified_time\" content=\"2022-05-12T10:35:09+00:00\" \/>\n<meta property=\"og:image\" content=\"https:\/\/www.peacewatch.ch\/wp-content\/uploads\/2020\/06\/2017_Guatemala1-scaled.jpg\" \/>\n\t<meta property=\"og:image:width\" content=\"2560\" \/>\n\t<meta property=\"og:image:height\" content=\"1442\" \/>\n\t<meta property=\"og:image:type\" content=\"image\/jpeg\" \/>\n<meta name=\"twitter:card\" content=\"summary_large_image\" \/>\n<meta name=\"twitter:label1\" content=\"Dur\u00e9e de lecture estim\u00e9e\" \/>\n\t<meta name=\"twitter:data1\" content=\"5 minutes\" \/>\n<script type=\"application\/ld+json\" class=\"yoast-schema-graph\">{\"@context\":\"https:\/\/schema.org\",\"@graph\":[{\"@type\":\"WebPage\",\"@id\":\"https:\/\/www.peacewatch.ch\/fr\/lignes-directrices-sur-la-protection-des-donnees\/\",\"url\":\"https:\/\/www.peacewatch.ch\/fr\/lignes-directrices-sur-la-protection-des-donnees\/\",\"name\":\"Lignes directrices sur la protection des donn\u00e9es &#8211; Peace Watch Switzerland\",\"isPartOf\":{\"@id\":\"https:\/\/www.peacewatch.ch\/fr\/#website\"},\"primaryImageOfPage\":{\"@id\":\"https:\/\/www.peacewatch.ch\/fr\/lignes-directrices-sur-la-protection-des-donnees\/#primaryimage\"},\"image\":{\"@id\":\"https:\/\/www.peacewatch.ch\/fr\/lignes-directrices-sur-la-protection-des-donnees\/#primaryimage\"},\"thumbnailUrl\":\"https:\/\/www.peacewatch.ch\/wp-content\/uploads\/2020\/06\/2017_Guatemala1-scaled.jpg\",\"datePublished\":\"2022-05-12T10:30:51+00:00\",\"dateModified\":\"2022-05-12T10:35:09+00:00\",\"breadcrumb\":{\"@id\":\"https:\/\/www.peacewatch.ch\/fr\/lignes-directrices-sur-la-protection-des-donnees\/#breadcrumb\"},\"inLanguage\":\"fr-FR\",\"potentialAction\":[{\"@type\":\"ReadAction\",\"target\":[\"https:\/\/www.peacewatch.ch\/fr\/lignes-directrices-sur-la-protection-des-donnees\/\"]}]},{\"@type\":\"ImageObject\",\"inLanguage\":\"fr-FR\",\"@id\":\"https:\/\/www.peacewatch.ch\/fr\/lignes-directrices-sur-la-protection-des-donnees\/#primaryimage\",\"url\":\"https:\/\/www.peacewatch.ch\/wp-content\/uploads\/2020\/06\/2017_Guatemala1-scaled.jpg\",\"contentUrl\":\"https:\/\/www.peacewatch.ch\/wp-content\/uploads\/2020\/06\/2017_Guatemala1-scaled.jpg\",\"width\":2560,\"height\":1442},{\"@type\":\"BreadcrumbList\",\"@id\":\"https:\/\/www.peacewatch.ch\/fr\/lignes-directrices-sur-la-protection-des-donnees\/#breadcrumb\",\"itemListElement\":[{\"@type\":\"ListItem\",\"position\":1,\"name\":\"Home\",\"item\":\"https:\/\/www.peacewatch.ch\/fr\/\"},{\"@type\":\"ListItem\",\"position\":2,\"name\":\"Lignes directrices sur la protection des donn\u00e9es\"}]},{\"@type\":\"WebSite\",\"@id\":\"https:\/\/www.peacewatch.ch\/fr\/#website\",\"url\":\"https:\/\/www.peacewatch.ch\/fr\/\",\"name\":\"Peace Watch Switzerland\",\"description\":\"Unterwegs f\u00fcr Menschenrechte\",\"publisher\":{\"@id\":\"https:\/\/www.peacewatch.ch\/fr\/#organization\"},\"potentialAction\":[{\"@type\":\"SearchAction\",\"target\":{\"@type\":\"EntryPoint\",\"urlTemplate\":\"https:\/\/www.peacewatch.ch\/fr\/?s={search_term_string}\"},\"query-input\":{\"@type\":\"PropertyValueSpecification\",\"valueRequired\":true,\"valueName\":\"search_term_string\"}}],\"inLanguage\":\"fr-FR\"},{\"@type\":\"Organization\",\"@id\":\"https:\/\/www.peacewatch.ch\/fr\/#organization\",\"name\":\"Peace Watch Switzerland\",\"url\":\"https:\/\/www.peacewatch.ch\/fr\/\",\"logo\":{\"@type\":\"ImageObject\",\"inLanguage\":\"fr-FR\",\"@id\":\"https:\/\/www.peacewatch.ch\/fr\/#\/schema\/logo\/image\/\",\"url\":\"https:\/\/www.peacewatch.ch\/wp-content\/uploads\/2020\/06\/cropped-Logo_Schwei_Strichmodus_d.png\",\"contentUrl\":\"https:\/\/www.peacewatch.ch\/wp-content\/uploads\/2020\/06\/cropped-Logo_Schwei_Strichmodus_d.png\",\"width\":9999,\"height\":2558,\"caption\":\"Peace Watch Switzerland\"},\"image\":{\"@id\":\"https:\/\/www.peacewatch.ch\/fr\/#\/schema\/logo\/image\/\"}}]}<\/script>\n<!-- \/ Yoast SEO plugin. -->","yoast_head_json":{"title":"Lignes directrices sur la protection des donn\u00e9es &#8211; Peace Watch Switzerland","robots":{"index":"index","follow":"follow","max-snippet":"max-snippet:-1","max-image-preview":"max-image-preview:large","max-video-preview":"max-video-preview:-1"},"canonical":"https:\/\/www.peacewatch.ch\/fr\/lignes-directrices-sur-la-protection-des-donnees\/","og_locale":"fr_FR","og_type":"article","og_title":"Lignes directrices sur la protection des donn\u00e9es &#8211; Peace Watch Switzerland","og_description":"Lignes directrices sur la protection des donn\u00e9es Pour Peace Watch Switzerland, il est particuli\u00e8rement important de traiter les donn\u00e9es \u00e0 caract\u00e8re personnel de mani\u00e8re totalement confidentielle. PWS observe la Loi...Continue reading Lignes directrices sur la protection des donn\u00e9es &rarr;","og_url":"https:\/\/www.peacewatch.ch\/fr\/lignes-directrices-sur-la-protection-des-donnees\/","og_site_name":"Peace Watch Switzerland","article_modified_time":"2022-05-12T10:35:09+00:00","og_image":[{"width":2560,"height":1442,"url":"https:\/\/www.peacewatch.ch\/wp-content\/uploads\/2020\/06\/2017_Guatemala1-scaled.jpg","type":"image\/jpeg"}],"twitter_card":"summary_large_image","twitter_misc":{"Dur\u00e9e de lecture estim\u00e9e":"5 minutes"},"schema":{"@context":"https:\/\/schema.org","@graph":[{"@type":"WebPage","@id":"https:\/\/www.peacewatch.ch\/fr\/lignes-directrices-sur-la-protection-des-donnees\/","url":"https:\/\/www.peacewatch.ch\/fr\/lignes-directrices-sur-la-protection-des-donnees\/","name":"Lignes directrices sur la protection des donn\u00e9es &#8211; Peace Watch Switzerland","isPartOf":{"@id":"https:\/\/www.peacewatch.ch\/fr\/#website"},"primaryImageOfPage":{"@id":"https:\/\/www.peacewatch.ch\/fr\/lignes-directrices-sur-la-protection-des-donnees\/#primaryimage"},"image":{"@id":"https:\/\/www.peacewatch.ch\/fr\/lignes-directrices-sur-la-protection-des-donnees\/#primaryimage"},"thumbnailUrl":"https:\/\/www.peacewatch.ch\/wp-content\/uploads\/2020\/06\/2017_Guatemala1-scaled.jpg","datePublished":"2022-05-12T10:30:51+00:00","dateModified":"2022-05-12T10:35:09+00:00","breadcrumb":{"@id":"https:\/\/www.peacewatch.ch\/fr\/lignes-directrices-sur-la-protection-des-donnees\/#breadcrumb"},"inLanguage":"fr-FR","potentialAction":[{"@type":"ReadAction","target":["https:\/\/www.peacewatch.ch\/fr\/lignes-directrices-sur-la-protection-des-donnees\/"]}]},{"@type":"ImageObject","inLanguage":"fr-FR","@id":"https:\/\/www.peacewatch.ch\/fr\/lignes-directrices-sur-la-protection-des-donnees\/#primaryimage","url":"https:\/\/www.peacewatch.ch\/wp-content\/uploads\/2020\/06\/2017_Guatemala1-scaled.jpg","contentUrl":"https:\/\/www.peacewatch.ch\/wp-content\/uploads\/2020\/06\/2017_Guatemala1-scaled.jpg","width":2560,"height":1442},{"@type":"BreadcrumbList","@id":"https:\/\/www.peacewatch.ch\/fr\/lignes-directrices-sur-la-protection-des-donnees\/#breadcrumb","itemListElement":[{"@type":"ListItem","position":1,"name":"Home","item":"https:\/\/www.peacewatch.ch\/fr\/"},{"@type":"ListItem","position":2,"name":"Lignes directrices sur la protection des donn\u00e9es"}]},{"@type":"WebSite","@id":"https:\/\/www.peacewatch.ch\/fr\/#website","url":"https:\/\/www.peacewatch.ch\/fr\/","name":"Peace Watch Switzerland","description":"Unterwegs f\u00fcr Menschenrechte","publisher":{"@id":"https:\/\/www.peacewatch.ch\/fr\/#organization"},"potentialAction":[{"@type":"SearchAction","target":{"@type":"EntryPoint","urlTemplate":"https:\/\/www.peacewatch.ch\/fr\/?s={search_term_string}"},"query-input":{"@type":"PropertyValueSpecification","valueRequired":true,"valueName":"search_term_string"}}],"inLanguage":"fr-FR"},{"@type":"Organization","@id":"https:\/\/www.peacewatch.ch\/fr\/#organization","name":"Peace Watch Switzerland","url":"https:\/\/www.peacewatch.ch\/fr\/","logo":{"@type":"ImageObject","inLanguage":"fr-FR","@id":"https:\/\/www.peacewatch.ch\/fr\/#\/schema\/logo\/image\/","url":"https:\/\/www.peacewatch.ch\/wp-content\/uploads\/2020\/06\/cropped-Logo_Schwei_Strichmodus_d.png","contentUrl":"https:\/\/www.peacewatch.ch\/wp-content\/uploads\/2020\/06\/cropped-Logo_Schwei_Strichmodus_d.png","width":9999,"height":2558,"caption":"Peace Watch Switzerland"},"image":{"@id":"https:\/\/www.peacewatch.ch\/fr\/#\/schema\/logo\/image\/"}}]}},"post_mailing_queue_ids":[],"_links":{"self":[{"href":"https:\/\/www.peacewatch.ch\/fr\/wp-json\/wp\/v2\/pages\/9427","targetHints":{"allow":["GET"]}}],"collection":[{"href":"https:\/\/www.peacewatch.ch\/fr\/wp-json\/wp\/v2\/pages"}],"about":[{"href":"https:\/\/www.peacewatch.ch\/fr\/wp-json\/wp\/v2\/types\/page"}],"author":[{"embeddable":true,"href":"https:\/\/www.peacewatch.ch\/fr\/wp-json\/wp\/v2\/users\/3"}],"replies":[{"embeddable":true,"href":"https:\/\/www.peacewatch.ch\/fr\/wp-json\/wp\/v2\/comments?post=9427"}],"version-history":[{"count":4,"href":"https:\/\/www.peacewatch.ch\/fr\/wp-json\/wp\/v2\/pages\/9427\/revisions"}],"predecessor-version":[{"id":9431,"href":"https:\/\/www.peacewatch.ch\/fr\/wp-json\/wp\/v2\/pages\/9427\/revisions\/9431"}],"wp:featuredmedia":[{"embeddable":true,"href":"https:\/\/www.peacewatch.ch\/fr\/wp-json\/wp\/v2\/media\/3432"}],"wp:attachment":[{"href":"https:\/\/www.peacewatch.ch\/fr\/wp-json\/wp\/v2\/media?parent=9427"}],"wp:term":[{"taxonomy":"folder","embeddable":true,"href":"https:\/\/www.peacewatch.ch\/fr\/wp-json\/wp\/v2\/folder?post=9427"}],"curies":[{"name":"wp","href":"https:\/\/api.w.org\/{rel}","templated":true}]}}